{"id":10,"date":"2020-09-15T10:28:14","date_gmt":"2020-09-15T13:28:14","guid":{"rendered":"https:\/\/meechile.cl\/inicio\/products\/"},"modified":"2022-05-26T11:42:29","modified_gmt":"2022-05-26T15:42:29","slug":"productos","status":"publish","type":"page","link":"https:\/\/meechile.cl\/inicio\/productos\/","title":{"rendered":"Productos"},"content":{"rendered":"\n<div class=\"wp-block-cover alignfull\" style=\"min-height:650px;aspect-ratio:unset;\"><span aria-hidden=\"true\" class=\"wp-block-cover__background has-ast-global-color-3-background-color has-background-dim-60 has-background-dim\"><\/span><img loading=\"lazy\" decoding=\"async\" width=\"1920\" height=\"1080\" class=\"wp-block-cover__image-background wp-image-1463\" alt=\"\" src=\"https:\/\/meechile.cl\/inicio\/wp-content\/uploads\/2022\/04\/Imagenes-de-UPS-1.png\" data-object-fit=\"cover\" srcset=\"https:\/\/meechile.cl\/inicio\/wp-content\/uploads\/2022\/04\/Imagenes-de-UPS-1.png 1920w, https:\/\/meechile.cl\/inicio\/wp-content\/uploads\/2022\/04\/Imagenes-de-UPS-1-600x338.png 600w, https:\/\/meechile.cl\/inicio\/wp-content\/uploads\/2022\/04\/Imagenes-de-UPS-1-64x36.png 64w, https:\/\/meechile.cl\/inicio\/wp-content\/uploads\/2022\/04\/Imagenes-de-UPS-1-300x169.png 300w, https:\/\/meechile.cl\/inicio\/wp-content\/uploads\/2022\/04\/Imagenes-de-UPS-1-1024x576.png 1024w, https:\/\/meechile.cl\/inicio\/wp-content\/uploads\/2022\/04\/Imagenes-de-UPS-1-768x432.png 768w, https:\/\/meechile.cl\/inicio\/wp-content\/uploads\/2022\/04\/Imagenes-de-UPS-1-1536x864.png 1536w\" sizes=\"auto, (max-width: 1920px) 100vw, 1920px\" \/><div class=\"wp-block-cover__inner-container is-layout-flow wp-block-cover-is-layout-flow\">\n<h1 class=\"has-text-align-center has-white-color has-text-color wp-block-heading\">ProductOs<\/h1>\n<\/div><\/div>\n\n\n\n<div class=\"wp-block-group alignfull has-ast-global-color-4-background-color has-background is-layout-constrained wp-block-group-is-layout-constrained\"><div class=\"wp-block-group__inner-container\">\n<div class=\"wp-block-media-text alignwide has-media-on-the-right is-stacked-on-mobile is-vertically-aligned-top\" style=\"grid-template-columns:auto 49%\"><figure class=\"wp-block-media-text__media\"><img loading=\"lazy\" decoding=\"async\" width=\"1024\" height=\"683\" src=\"https:\/\/meechile.cl\/inicio\/wp-content\/uploads\/2022\/04\/MEE-33-1024x683.jpg\" alt=\"\" class=\"wp-image-1398 size-full\" srcset=\"https:\/\/meechile.cl\/inicio\/wp-content\/uploads\/2022\/04\/MEE-33-1024x683.jpg 1024w, https:\/\/meechile.cl\/inicio\/wp-content\/uploads\/2022\/04\/MEE-33-scaled-600x400.jpg 600w, https:\/\/meechile.cl\/inicio\/wp-content\/uploads\/2022\/04\/MEE-33-scaled-64x43.jpg 64w, https:\/\/meechile.cl\/inicio\/wp-content\/uploads\/2022\/04\/MEE-33-300x200.jpg 300w, https:\/\/meechile.cl\/inicio\/wp-content\/uploads\/2022\/04\/MEE-33-768x512.jpg 768w, https:\/\/meechile.cl\/inicio\/wp-content\/uploads\/2022\/04\/MEE-33-1536x1024.jpg 1536w, https:\/\/meechile.cl\/inicio\/wp-content\/uploads\/2022\/04\/MEE-33-2048x1365.jpg 2048w\" sizes=\"auto, (max-width: 1024px) 100vw, 1024px\" \/><\/figure><div class=\"wp-block-media-text__content\">\n<h2 class=\"wp-block-heading\">Para Todos Los <mark style=\"background-color:rgba(0, 0, 0, 0)\" class=\"has-inline-color has-ast-global-color-1-color\">Requerimientos Que La Industria Necesita<\/mark><\/h2>\n\n\n\n<p>Los sistemas de respaldo de energ\u00eda de MEE, son componentes electr\u00f3nicos capaces de garantizar un suministro sin interrupciones de energ\u00eda el\u00e9ctrica para un hogar, comercio, oficina, bancos, centrales de energ\u00eda, laboratorios y mucho m\u00e1s.<\/p>\n\n\n\n<p>Al momento de producirse una interrupci\u00f3n del servicio el\u00e9ctrico, la UPS desde su banco de bater\u00edas genera autom\u00e1ticamente de manera instant\u00e1nea energ\u00eda y de esta manera los equipos conectados contin\u00faan funcionando.<\/p>\n<\/div><\/div>\n<\/div><\/div>\n\n\n\n<div class=\"wp-block-group alignfull has-ast-global-color-5-background-color has-background is-layout-constrained wp-block-group-is-layout-constrained\"><div class=\"wp-block-group__inner-container\">\n<h2 class=\"has-text-align-center wp-block-heading\">SISTEMAS DE <mark style=\"background-color:rgba(0, 0, 0, 0)\" class=\"has-inline-color has-ast-global-color-1-color\">RESPALDO DE ENERG\u00cdA<\/mark><\/h2>\n\n\n\n<div class=\"wp-block-columns alignwide is-layout-flex wp-container-core-columns-is-layout-28f84493 wp-block-columns-is-layout-flex\">\n<div class=\"wp-block-column is-layout-flow wp-block-column-is-layout-flow\">\n<hr class=\"wp-block-separator has-text-color has-ast-global-color-3-color has-css-opacity has-ast-global-color-3-background-color has-background is-style-wide\"\/>\n\n\n\n<h4 class=\"wp-block-heading\">UPS <\/h4>\n\n\n\n<p>En MEE somos expertos en respaldo energ\u00e9tico, actualmente contamos la categor\u00eda de respaldo en\u00e9rgico m\u00e1s variada y amplia del mercado. ofrecemos altos niveles de fiabilidad y protecci\u00f3n para aplicaciones cr\u00edticas. Adem\u00e1s de contar con suficiente tiempo de autonom\u00eda como energ\u00eda de reserva.<\/p>\n\n\n\n<p>Contamos con UPS tipo Interactivas, Monof\u00e1sicas, Trimono, Trif\u00e1sica y Modulares. Ademas seg\u00fan el tipo de UPS estas cuentan con modelo torre y tipo convertible rack\/torre (RT), Desde 1 kVA &#8211; Hasta 600 kVA. Somos partners de reconocidas marcas internacionales en UPS como <mark style=\"background-color:rgba(0, 0, 0, 0);color:#ff0b14\" class=\"has-inline-color\"><strong>CENTIEL <\/strong><\/mark>y <mark style=\"background-color:rgba(0, 0, 0, 0);color:#55a2cf\" class=\"has-inline-color\"><strong>ALLSAI<\/strong><\/mark>.<\/p>\n\n\n\n<p>Las aplicaciones m\u00e1s comunes son sistemas inform\u00e1ticos de procesamiento de datos, equipos de telecomunicaciones y misi\u00f3n sistemas cr\u00edticos.<\/p>\n\n\n\n<figure class=\"wp-block-image aligncenter size-medium is-style-default\"><img loading=\"lazy\" decoding=\"async\" width=\"300\" height=\"169\" src=\"https:\/\/meechile.cl\/inicio\/wp-content\/uploads\/2022\/04\/Imagenes-de-UPS-1-300x169.png\" alt=\"\" class=\"wp-image-1463\" srcset=\"https:\/\/meechile.cl\/inicio\/wp-content\/uploads\/2022\/04\/Imagenes-de-UPS-1-300x169.png 300w, https:\/\/meechile.cl\/inicio\/wp-content\/uploads\/2022\/04\/Imagenes-de-UPS-1-600x338.png 600w, https:\/\/meechile.cl\/inicio\/wp-content\/uploads\/2022\/04\/Imagenes-de-UPS-1-64x36.png 64w, https:\/\/meechile.cl\/inicio\/wp-content\/uploads\/2022\/04\/Imagenes-de-UPS-1-1024x576.png 1024w, https:\/\/meechile.cl\/inicio\/wp-content\/uploads\/2022\/04\/Imagenes-de-UPS-1-768x432.png 768w, https:\/\/meechile.cl\/inicio\/wp-content\/uploads\/2022\/04\/Imagenes-de-UPS-1-1536x864.png 1536w, https:\/\/meechile.cl\/inicio\/wp-content\/uploads\/2022\/04\/Imagenes-de-UPS-1.png 1920w\" sizes=\"auto, (max-width: 300px) 100vw, 300px\" \/><\/figure>\n\n\n\n<div class=\"wp-block-buttons is-content-justification-center is-layout-flex wp-container-core-buttons-is-layout-a89b3969 wp-block-buttons-is-layout-flex\">\n<div class=\"wp-block-button\"><a class=\"wp-block-button__link\" href=\"https:\/\/meechile.cl\/inicio\/categoria-producto\/respaldo-de-energia\/ups\/\">VER M\u00c1S<\/a><\/div>\n<\/div>\n\n\n\n<div style=\"height:30px\" aria-hidden=\"true\" class=\"wp-block-spacer\"><\/div>\n\n\n\n<hr class=\"wp-block-separator has-text-color has-ast-global-color-3-color has-css-opacity has-ast-global-color-3-background-color has-background is-style-wide\"\/>\n\n\n\n<h4 class=\"wp-block-heading\">Inversores\/Rectificadores<\/h4>\n\n\n\n<p>Los inversores con los que cuenta MEE son equipos producidos para suministrar la computadora y la comunicaci\u00f3n.<br>Sistemas, llamados como carga cr\u00edtica. Inversores DC \/ AC de la serie Inversor convierte voltajes de CC como bater\u00edas<br>Al voltaje de la CA con la tensi\u00f3n y la frecuencia deseadas y la energ\u00eda de AC de suplying.<\/p>\n\n\n\n<p>Adem\u00e1s MEE dispone de los Rectificador de tecnolog\u00eda Switching tipo port\u00e1til de bajo peso y alimentaci\u00f3n tipo monof\u00e1sica, trif\u00e1sica, apto para uso en laboratorio o para soportar emergencias que requieren una r\u00e1pida soluci\u00f3n de suministro de corriente continua.<br>F\u00e1cil operaci\u00f3n con potenci\u00f3metro disponible para ajuste de tensi\u00f3n y corriente de salida.<\/p>\n\n\n\n<p>Somos Partners oficiales de <mark style=\"background-color:rgba(0, 0, 0, 0);color:#fb9002\" class=\"has-inline-color\"><strong>ISG <\/strong><\/mark>y <mark style=\"background-color:rgba(0, 0, 0, 0);color:#55a2cf\" class=\"has-inline-color\"><strong>ALLSAI<\/strong><\/mark>.<\/p>\n\n\n\n<figure class=\"wp-block-image aligncenter size-medium is-style-default\"><img loading=\"lazy\" decoding=\"async\" width=\"300\" height=\"169\" src=\"https:\/\/meechile.cl\/inicio\/wp-content\/uploads\/2022\/04\/Imagen-de-inversor-y-Rectificador-300x169.png\" alt=\"\" class=\"wp-image-1468\" srcset=\"https:\/\/meechile.cl\/inicio\/wp-content\/uploads\/2022\/04\/Imagen-de-inversor-y-Rectificador-300x169.png 300w, https:\/\/meechile.cl\/inicio\/wp-content\/uploads\/2022\/04\/Imagen-de-inversor-y-Rectificador-600x338.png 600w, https:\/\/meechile.cl\/inicio\/wp-content\/uploads\/2022\/04\/Imagen-de-inversor-y-Rectificador-64x36.png 64w, https:\/\/meechile.cl\/inicio\/wp-content\/uploads\/2022\/04\/Imagen-de-inversor-y-Rectificador-1024x576.png 1024w, https:\/\/meechile.cl\/inicio\/wp-content\/uploads\/2022\/04\/Imagen-de-inversor-y-Rectificador-768x432.png 768w, https:\/\/meechile.cl\/inicio\/wp-content\/uploads\/2022\/04\/Imagen-de-inversor-y-Rectificador-1536x864.png 1536w, https:\/\/meechile.cl\/inicio\/wp-content\/uploads\/2022\/04\/Imagen-de-inversor-y-Rectificador.png 1920w\" sizes=\"auto, (max-width: 300px) 100vw, 300px\" \/><\/figure>\n\n\n\n<div class=\"wp-block-buttons is-content-justification-center is-layout-flex wp-container-core-buttons-is-layout-a89b3969 wp-block-buttons-is-layout-flex\">\n<div class=\"wp-block-button\"><a class=\"wp-block-button__link\" href=\"https:\/\/meechile.cl\/inicio\/categoria-producto\/respaldo-de-energia\/inversores\/\">VER M\u00c1S<\/a><\/div>\n<\/div>\n\n\n\n<div style=\"height:30px\" aria-hidden=\"true\" class=\"wp-block-spacer\"><\/div>\n<\/div>\n\n\n\n<div class=\"wp-block-column is-layout-flow wp-block-column-is-layout-flow\">\n<hr class=\"wp-block-separator has-text-color has-ast-global-color-3-color has-css-opacity has-ast-global-color-3-background-color has-background is-style-wide\"\/>\n\n\n\n<h4 class=\"wp-block-heading\">Banco de Bater\u00eda<\/h4>\n\n\n\n<p>MEE, dispone de un amplio portafolio de bater\u00edas industriales que se caracterizan por su mayor capacidad de descarga profunda. Las nuevas tecnolog\u00edas en bater\u00edas industriales permiten acceder a productos de mayor vida \u00fatil, mejor rendimiento en condiciones extremas de operaci\u00f3n, tama\u00f1os compactos y menor peso, siendo muy utilizadas para aplicaciones de alta complejidad o en ambientes adversos.<\/p>\n\n\n\n<p>Contamos con una amplia gama de bater\u00edas de uso especializado como AGM, GEL, LITIO, NIQUEL CADMIO, OPZ.<\/p>\n\n\n\n<p>Contamos con el respaldo de la prestigiosa marca de bater\u00edas <mark style=\"background-color:rgba(0, 0, 0, 0);color:#14775a\" class=\"has-inline-color\"><strong>HOPPECKE<\/strong><\/mark>, <strong><mark style=\"background-color:rgba(0, 0, 0, 0);color:#c1162a\" class=\"has-inline-color\">RITAR <\/mark><\/strong>y <mark style=\"background-color:rgba(0, 0, 0, 0);color:#55a2cf\" class=\"has-inline-color\"><strong>ALLSAI<\/strong><\/mark>.<\/p>\n\n\n\n<figure class=\"wp-block-image aligncenter size-medium is-style-default\"><img loading=\"lazy\" decoding=\"async\" width=\"300\" height=\"169\" src=\"https:\/\/meechile.cl\/inicio\/wp-content\/uploads\/2022\/04\/Imagenes-de-Baterias-300x169.png\" alt=\"\" class=\"wp-image-1459\" srcset=\"https:\/\/meechile.cl\/inicio\/wp-content\/uploads\/2022\/04\/Imagenes-de-Baterias-300x169.png 300w, https:\/\/meechile.cl\/inicio\/wp-content\/uploads\/2022\/04\/Imagenes-de-Baterias-600x338.png 600w, https:\/\/meechile.cl\/inicio\/wp-content\/uploads\/2022\/04\/Imagenes-de-Baterias-64x36.png 64w, https:\/\/meechile.cl\/inicio\/wp-content\/uploads\/2022\/04\/Imagenes-de-Baterias-1024x576.png 1024w, https:\/\/meechile.cl\/inicio\/wp-content\/uploads\/2022\/04\/Imagenes-de-Baterias-768x432.png 768w, https:\/\/meechile.cl\/inicio\/wp-content\/uploads\/2022\/04\/Imagenes-de-Baterias-1536x864.png 1536w, https:\/\/meechile.cl\/inicio\/wp-content\/uploads\/2022\/04\/Imagenes-de-Baterias.png 1920w\" sizes=\"auto, (max-width: 300px) 100vw, 300px\" \/><\/figure>\n\n\n\n<div class=\"wp-block-buttons is-content-justification-center is-layout-flex wp-container-core-buttons-is-layout-a89b3969 wp-block-buttons-is-layout-flex\">\n<div class=\"wp-block-button\"><a class=\"wp-block-button__link\" href=\"https:\/\/meechile.cl\/inicio\/categoria-producto\/respaldo-de-energia\/baterias\/\">VER M\u00c1S<\/a><\/div>\n<\/div>\n\n\n\n<div style=\"height:30px\" aria-hidden=\"true\" class=\"wp-block-spacer\"><\/div>\n\n\n\n<hr class=\"wp-block-separator has-text-color has-ast-global-color-3-color has-css-opacity has-ast-global-color-3-background-color has-background is-style-wide\"\/>\n\n\n\n<h4 class=\"wp-block-heading\">Generadores<\/h4>\n\n\n\n<p>En MEE nos caracterizamos por proporcionar el grupo electr\u00f3geno m\u00e1s eficiente, tambi\u00e9n nos encargamos de gestionar el ciclo completo del proyecto, ofreciendo asesoramiento personalizado con tu equipo t\u00e9cnico para asegurar el \u00e9xito de la implantaci\u00f3n y garantizar el arranque aut\u00f3geno de su central.<\/p>\n\n\n\n<p>Ofrecer energ\u00eda distribuida a todo tipo de centrales, apostamos por un servicio \u00f3ptimo, personalizado e integral para que puedas hacer frente a situaciones complicadas como un fallo de red, un accidente o cualquier otro contratiempo.<\/p>\n\n\n\n<p>Porque ante una emergencia o un corte de energ\u00eda inesperado, la continuidad del suministro es vital y por eso disponemos de equipos capaces de proporcionar soluciones adaptadas a las necesidades de cada instalaci\u00f3n.<\/p>\n\n\n\n<p>Representamos a la marcas m\u00e1s prestigiosa en grupos electr\u00f3genos <strong><mark style=\"background-color:rgba(0, 0, 0, 0);color:#b8002d\" class=\"has-inline-color\">GENESAL ENERGY<\/mark><\/strong>.<\/p>\n\n\n\n<figure class=\"wp-block-image aligncenter size-medium is-resized is-style-default\"><img loading=\"lazy\" decoding=\"async\" src=\"https:\/\/meechile.cl\/inicio\/wp-content\/uploads\/2022\/04\/Genesal-Energy-300x175.png\" alt=\"\" class=\"wp-image-1474\" width=\"300\" height=\"169\"\/><\/figure>\n\n\n\n<div class=\"wp-block-buttons is-content-justification-center is-layout-flex wp-container-core-buttons-is-layout-a89b3969 wp-block-buttons-is-layout-flex\">\n<div class=\"wp-block-button\"><a class=\"wp-block-button__link\">VER M\u00c1S<\/a><\/div>\n<\/div>\n\n\n\n<div style=\"height:30px\" aria-hidden=\"true\" class=\"wp-block-spacer\"><\/div>\n<\/div>\n<\/div>\n\n\n\n<div class=\"wp-block-columns is-layout-flex wp-container-core-columns-is-layout-28f84493 wp-block-columns-is-layout-flex\">\n<div class=\"wp-block-column is-layout-flow wp-block-column-is-layout-flow\">\n<div class=\"wp-block-buttons is-layout-flex wp-block-buttons-is-layout-flex\"><\/div>\n<\/div>\n\n\n\n<div class=\"wp-block-column is-layout-flow wp-block-column-is-layout-flow\">\n<div class=\"wp-block-buttons is-layout-flex wp-block-buttons-is-layout-flex\"><\/div>\n<\/div>\n<\/div>\n<\/div><\/div>\n\n\n\n<div class=\"wp-block-cover alignfull is-light has-parallax\" style=\"background-image:url(https:\/\/meechile.cl\/inicio\/wp-content\/uploads\/2022\/04\/MEE-36-scaled.jpg);min-height:300px;aspect-ratio:unset;\"><span aria-hidden=\"true\" class=\"wp-block-cover__background has-ast-global-color-4-background-color has-background-dim\"><\/span><div class=\"wp-block-cover__inner-container is-layout-flow wp-block-cover-is-layout-flow\">\n<div class=\"wp-block-columns alignfull are-vertically-aligned-center is-layout-flex wp-container-core-columns-is-layout-28f84493 wp-block-columns-is-layout-flex\">\n<div class=\"wp-block-column is-vertically-aligned-center is-layout-flow wp-block-column-is-layout-flow\" style=\"flex-basis:66.66%\">\n<h2 class=\"has-text-align-left wp-block-heading\"><mark style=\"background-color:rgba(0, 0, 0, 0)\" class=\"has-inline-color has-ast-global-color-2-color\">\u00bfNecesitas ayuda con soluciones industriales? \u00a1Somos Expertos!<\/mark><\/h2>\n<\/div>\n\n\n\n<div class=\"wp-block-column is-vertically-aligned-center is-layout-flow wp-block-column-is-layout-flow\" style=\"flex-basis:33.33%\">\n<div class=\"wp-block-buttons is-horizontal is-content-justification-center is-layout-flex wp-container-core-buttons-is-layout-03627597 wp-block-buttons-is-layout-flex\">\n<div class=\"wp-block-button\"><a class=\"wp-block-button__link\" href=\"https:\/\/meechile.cl\/inicio\/contacto\/\">COTICE AQU\u00cd<\/a><\/div>\n<\/div>\n<\/div>\n<\/div>\n<\/div><\/div>\n\n\n\n<p><\/p>\n","protected":false},"excerpt":{"rendered":"<p>Para Todos Los Requerimientos Que La Industria Necesita Los sistemas de respaldo de energ\u00eda de MEE, son componentes electr\u00f3nicos capaces de garantizar un suministro sin interrupciones de energ\u00eda el\u00e9ctrica para un hogar, comercio, oficina, bancos, centrales de energ\u00eda, laboratorios y mucho m\u00e1s. Al momento de producirse una interrupci\u00f3n del servicio el\u00e9ctrico, la UPS desde su &hellip;<\/p>\n<p class=\"read-more\"> <a class=\"\" href=\"https:\/\/meechile.cl\/inicio\/productos\/\"> <span class=\"screen-reader-text\">Productos<\/span> Leer m\u00e1s &raquo;<\/a><\/p>\n","protected":false},"author":1,"featured_media":0,"parent":0,"menu_order":0,"comment_status":"closed","ping_status":"closed","template":"","meta":{"site-sidebar-layout":"no-sidebar","site-content-layout":"plain-container","ast-global-header-display":"","ast-main-header-display":"","ast-hfb-above-header-display":"","ast-hfb-below-header-display":"","ast-hfb-mobile-header-display":"","site-post-title":"disabled","ast-breadcrumbs-content":"","ast-featured-img":"disabled","footer-sml-layout":"","theme-transparent-header-meta":"enabled","adv-header-id-meta":"","stick-header-meta":"","header-above-stick-meta":"","header-main-stick-meta":"","header-below-stick-meta":"","footnotes":""},"class_list":["post-10","page","type-page","status-publish","hentry"],"uagb_featured_image_src":{"full":false,"thumbnail":false,"medium":false,"medium_large":false,"large":false,"1536x1536":false,"2048x2048":false,"woocommerce_thumbnail":false,"woocommerce_single":false,"woocommerce_gallery_thumbnail":false,"shop_catalog":false,"shop_single":false,"shop_thumbnail":false,"dgwt-wcas-product-suggestion":false},"uagb_author_info":{"display_name":"Marketing","author_link":"https:\/\/meechile.cl\/inicio\/author\/Marketing\/"},"uagb_comment_info":0,"uagb_excerpt":"Para Todos Los Requerimientos Que La Industria Necesita Los sistemas de respaldo de energ\u00eda de MEE, son componentes electr\u00f3nicos capaces de garantizar un suministro sin interrupciones de energ\u00eda el\u00e9ctrica para un hogar, comercio, oficina, bancos, centrales de energ\u00eda, laboratorios y mucho m\u00e1s. Al momento de producirse una interrupci\u00f3n del servicio el\u00e9ctrico, la UPS desde su&hellip;","_links":{"self":[{"href":"https:\/\/meechile.cl\/inicio\/wp-json\/wp\/v2\/pages\/10","targetHints":{"allow":["GET"]}}],"collection":[{"href":"https:\/\/meechile.cl\/inicio\/wp-json\/wp\/v2\/pages"}],"about":[{"href":"https:\/\/meechile.cl\/inicio\/wp-json\/wp\/v2\/types\/page"}],"author":[{"embeddable":true,"href":"https:\/\/meechile.cl\/inicio\/wp-json\/wp\/v2\/users\/1"}],"replies":[{"embeddable":true,"href":"https:\/\/meechile.cl\/inicio\/wp-json\/wp\/v2\/comments?post=10"}],"version-history":[{"count":88,"href":"https:\/\/meechile.cl\/inicio\/wp-json\/wp\/v2\/pages\/10\/revisions"}],"predecessor-version":[{"id":2818,"href":"https:\/\/meechile.cl\/inicio\/wp-json\/wp\/v2\/pages\/10\/revisions\/2818"}],"wp:attachment":[{"href":"https:\/\/meechile.cl\/inicio\/wp-json\/wp\/v2\/media?parent=10"}],"curies":[{"name":"wp","href":"https:\/\/api.w.org\/{rel}","templated":true}]}}