{"id":9,"date":"2020-09-15T10:28:06","date_gmt":"2020-09-15T13:28:06","guid":{"rendered":"https:\/\/meechile.cl\/inicio\/about\/"},"modified":"2022-06-09T23:07:01","modified_gmt":"2022-06-10T03:07:01","slug":"acerca-de-nosotros","status":"publish","type":"page","link":"https:\/\/meechile.cl\/inicio\/acerca-de-nosotros\/","title":{"rendered":"Acerca de Nosotros"},"content":{"rendered":"\n<div class=\"wp-block-cover alignfull has-parallax\" style=\"background-image:url(https:\/\/meechile.cl\/inicio\/wp-content\/uploads\/2022\/04\/MEE-23-scaled.jpg);min-height:650px;aspect-ratio:unset;\"><span aria-hidden=\"true\" class=\"wp-block-cover__background has-ast-global-color-3-background-color has-background-dim-70 has-background-dim\"><\/span><div class=\"wp-block-cover__inner-container is-layout-flow wp-block-cover-is-layout-flow\">\n<h1 class=\"has-text-align-center has-white-color has-text-color wp-block-heading\">ACERCA DE NOSOTROS<\/h1>\n<\/div><\/div>\n\n\n\n<div class=\"wp-block-group alignfull has-ast-global-color-4-background-color has-background is-layout-constrained wp-block-group-is-layout-constrained\"><div class=\"wp-block-group__inner-container\">\n<div class=\"wp-block-columns is-layout-flex wp-container-core-columns-is-layout-28f84493 wp-block-columns-is-layout-flex\">\n<div class=\"wp-block-column is-layout-flow wp-block-column-is-layout-flow\">\n<h5 class=\"wp-block-heading\"><mark style=\"background-color:rgba(0, 0, 0, 0)\" class=\"has-inline-color has-ast-global-color-1-color\">Soluciones Integrales De Alta Calidad<\/mark><\/h5>\n\n\n\n<h2 class=\"wp-block-heading\">\u00a1ENCONTRAR UNA SOLUCI\u00d3N PERMANENTE <mark style=\"background-color:rgba(0, 0, 0, 0)\" class=\"has-inline-color has-ast-global-color-1-color\">ES NUESTRO OBJETIVO!<\/mark><\/h2>\n\n\n\n<figure class=\"wp-block-image size-large is-style-default\"><img loading=\"lazy\" decoding=\"async\" width=\"683\" height=\"1024\" src=\"https:\/\/meechile.cl\/inicio\/wp-content\/uploads\/2022\/04\/MEE-34-1-683x1024.jpg\" alt=\"\" class=\"wp-image-1403\" srcset=\"https:\/\/meechile.cl\/inicio\/wp-content\/uploads\/2022\/04\/MEE-34-1-683x1024.jpg 683w, https:\/\/meechile.cl\/inicio\/wp-content\/uploads\/2022\/04\/MEE-34-1-scaled-600x900.jpg 600w, https:\/\/meechile.cl\/inicio\/wp-content\/uploads\/2022\/04\/MEE-34-1-scaled-64x96.jpg 64w, https:\/\/meechile.cl\/inicio\/wp-content\/uploads\/2022\/04\/MEE-34-1-200x300.jpg 200w, https:\/\/meechile.cl\/inicio\/wp-content\/uploads\/2022\/04\/MEE-34-1-768x1152.jpg 768w, https:\/\/meechile.cl\/inicio\/wp-content\/uploads\/2022\/04\/MEE-34-1-1024x1536.jpg 1024w, https:\/\/meechile.cl\/inicio\/wp-content\/uploads\/2022\/04\/MEE-34-1-1366x2048.jpg 1366w, https:\/\/meechile.cl\/inicio\/wp-content\/uploads\/2022\/04\/MEE-34-1-scaled.jpg 1707w\" sizes=\"auto, (max-width: 683px) 100vw, 683px\" \/><\/figure>\n<\/div>\n\n\n\n<div class=\"wp-block-column is-layout-flow wp-block-column-is-layout-flow\">\n<div style=\"height:160px\" aria-hidden=\"true\" class=\"wp-block-spacer\"><\/div>\n\n\n\n<h3 class=\"has-ast-global-color-1-color has-text-color wp-block-heading\">Desde 1998, Nuestro Equipo Ha Logrado Comprender Las Necesidades De La Industria, Convirti\u00e9ndonos As\u00ed En Una Empresa Integradora Que Gestiona M\u00e1s de 300 Proyectos Anualmente en el Cono Sur.<\/h3>\n\n\n\n<p>Contamos con 3750 m2 en infraestructura y 5 centros de operaci\u00f3n localizados en Santiago, Antofagasta, Concepci\u00f3n, Lima y Curitiba. Cada uno de ellos dotado con servicio t\u00e9cnico, laboratorio, bodega y atenci\u00f3n comercial descentralizada, brindando autonom\u00eda, stock local, ejecuci\u00f3n de garant\u00edas localmente y una r\u00e1pida reacci\u00f3n en cualquier localidad, permiti\u00e9ndonos realizar el mantenimiento de equipamiento de misi\u00f3n cr\u00edtica, tanto de nuestras marcas representadas como tambi\u00e9n de otras marcas.<\/p>\n\n\n\n<p>En MEE, somos especialistas en energ\u00eda y clima de precisi\u00f3n, nuestros sistemas respaldan las operaciones m\u00e1s importantes del pa\u00eds, trabajamos con la finalidad de que nuestro clientes siempre se mantengan en operaci\u00f3n, adem\u00e1s contamos con la certificaci\u00f3n ISO 9001 en el 100% de nuestros procesos.<\/p>\n<\/div>\n<\/div>\n<\/div><\/div>\n\n\n\n<div class=\"wp-block-group alignfull has-ast-global-color-5-background-color has-background is-layout-constrained wp-block-group-is-layout-constrained\"><div class=\"wp-block-group__inner-container\">\n<div class=\"wp-block-nextend-smartslider3\"><\/div>\n\n\n\n<div class=\"wp-block-columns alignwide are-vertically-aligned-center has-ast-global-color-1-color has-text-color is-layout-flex wp-container-core-columns-is-layout-28f84493 wp-block-columns-is-layout-flex\">\n<div class=\"wp-block-column is-vertically-aligned-center is-layout-flow wp-block-column-is-layout-flow\" style=\"flex-basis:33.33%\">\n<h5 class=\"wp-block-heading\"><mark style=\"background-color:rgba(0, 0, 0, 0)\" class=\"has-inline-color has-ast-global-color-1-color\">Soluciones Integrales de alta calidad<\/mark><\/h5>\n\n\n\n<h2 class=\"wp-block-heading\">Los N\u00fameros <mark style=\"background-color:rgba(0, 0, 0, 0)\" class=\"has-inline-color has-ast-global-color-1-color\">Hablan por s\u00ed Mismos<\/mark><\/h2>\n<\/div>\n\n\n\n<div class=\"wp-block-column is-vertically-aligned-center is-layout-flow wp-block-column-is-layout-flow\" style=\"flex-basis:66.66%\">\n<div class=\"wp-block-columns are-vertically-aligned-center is-layout-flex wp-container-core-columns-is-layout-28f84493 wp-block-columns-is-layout-flex\">\n<div class=\"wp-block-column is-vertically-aligned-center is-layout-flow wp-block-column-is-layout-flow\">\n<h2 class=\"has-text-align-center\">55<\/h2><p class=\"has-text-align-center\">Colaboradores<\/p>\n<\/div>\n\n\n\n<div class=\"wp-block-column is-layout-flow wp-block-column-is-layout-flow\">\n<h2 class=\"has-text-align-center\">25<\/h2><p class=\"has-text-align-center\">A\u00f1os de Experiencias<\/p>\n<\/div>\n\n\n\n<div class=\"wp-block-column is-vertically-aligned-center is-layout-flow wp-block-column-is-layout-flow\">\n<h2 class=\"has-text-align-center\">300<\/h2><p class=\"has-text-align-center\">Proyectos Anuales<\/p>\n<\/div>\n\n\n\n<div class=\"wp-block-column is-vertically-aligned-center is-layout-flow wp-block-column-is-layout-flow\">\n<h2 class=\"has-text-align-center\">+500<\/h2><p class=\"has-text-align-center\">Productos<\/p>\n<\/div>\n<\/div>\n<\/div>\n<\/div>\n\n\n\n<div style=\"height:30px\" aria-hidden=\"true\" class=\"wp-block-spacer\"><\/div>\n\n\n\n<h3 class=\"wp-block-heading\">\u00a1La calidad es lo primero! Trabajamos activamente en resguardar la calidad de nuestras soluciones y nuestra gesti\u00f3n, trabajando en 3 l\u00edneas estrat\u00e9gicas de aseguramiento de la calidad<\/h3>\n\n\n\n<div style=\"height:10px\" aria-hidden=\"true\" class=\"wp-block-spacer\"><\/div>\n\n\n\n<div class=\"wp-block-columns alignwide is-layout-flex wp-container-core-columns-is-layout-28f84493 wp-block-columns-is-layout-flex\">\n<div class=\"wp-block-column is-layout-flow wp-block-column-is-layout-flow\">\n<h4 class=\"wp-block-heading\">Control <mark style=\"background-color:rgba(0, 0, 0, 0)\" class=\"has-inline-color has-ast-global-color-1-color\">de Calidad<\/mark><\/h4>\n\n\n\n<p>Contamos con un \u00e1rea de Calidad y Medioambiente encargada de monitorear los procedimientos y procesos de MEE como un sistema vivo, velando por una r\u00e1pida adaptaci\u00f3n de la compa\u00f1\u00eda a los nuevos tiempos y necesidades de nuestros clientes, as\u00ed como trabajar activamente en el control de calidad de nuestras soluciones.<\/p>\n<\/div>\n\n\n\n<div class=\"wp-block-column is-layout-flow wp-block-column-is-layout-flow\">\n<h4 class=\"wp-block-heading\">Innovaci\u00f3n <mark style=\"background-color:rgba(0, 0, 0, 0)\" class=\"has-inline-color has-ast-global-color-1-color\">y Desarrollo<\/mark><\/h4>\n\n\n\n<p>Promovemos la innovaci\u00f3n y el desarrollo de nuevas tecnolog\u00edas, a trav\u00e9s de nuestro Centro de Investigaci\u00f3n y Desarrollo donde investigamos nuevas tecnolog\u00edas, desarrollamos y testeamos nuevas soluciones.<\/p>\n<\/div>\n\n\n\n<div class=\"wp-block-column is-layout-flow wp-block-column-is-layout-flow\">\n<h4 class=\"wp-block-heading\">Metodolog\u00eda <mark style=\"background-color:rgba(0, 0, 0, 0)\" class=\"has-inline-color has-ast-global-color-1-color\">de Trabajo<\/mark><\/h4>\n\n\n\n<p>Nuestro Modelo de Negocios End to End, nos permite tener control del 100% del proyecto sin necesidad de contar con la colaboraci\u00f3n de empresas terceras, minimizando los riesgos de calidad y asegurando el desarrollo de los proyectos que ejecutamos.<\/p>\n<\/div>\n<\/div>\n\n\n\n<div style=\"height:30px\" aria-hidden=\"true\" class=\"wp-block-spacer\"><\/div>\n\n\n\n<h2 class=\"has-text-align-center wp-block-heading\">NUESTROS <mark style=\"background-color:rgba(0, 0, 0, 0)\" class=\"has-inline-color has-ast-global-color-1-color\">PARTNERS<\/mark><\/h2>\n\n\n\n<div style=\"height:10px\" aria-hidden=\"true\" class=\"wp-block-spacer\"><\/div>\n\n\n\n<div class=\"wp-block-columns is-layout-flex wp-container-core-columns-is-layout-28f84493 wp-block-columns-is-layout-flex\">\n<div class=\"wp-block-column is-vertically-aligned-center is-layout-flow wp-block-column-is-layout-flow\" style=\"flex-basis:25%\">\n<figure class=\"wp-block-image aligncenter size-full is-style-default\"><a href=\"https:\/\/allsai.com\/\"><img loading=\"lazy\" decoding=\"async\" width=\"225\" height=\"145\" src=\"https:\/\/meechile.cl\/inicio\/wp-content\/uploads\/2022\/04\/Logo-Allsai-1.png\" alt=\"\" class=\"wp-image-1838\" srcset=\"https:\/\/meechile.cl\/inicio\/wp-content\/uploads\/2022\/04\/Logo-Allsai-1.png 225w, https:\/\/meechile.cl\/inicio\/wp-content\/uploads\/2022\/04\/Logo-Allsai-1-64x41.png 64w\" sizes=\"auto, (max-width: 225px) 100vw, 225px\" \/><\/a><\/figure>\n<\/div>\n\n\n\n<div class=\"wp-block-column is-vertically-aligned-center is-layout-flow wp-block-column-is-layout-flow\" style=\"flex-basis:25%\">\n<figure class=\"wp-block-image aligncenter size-full is-style-default\"><a href=\"https:\/\/www.centiel.com\/es\/\" target=\"_blank\" rel=\"noopener\"><img loading=\"lazy\" decoding=\"async\" width=\"188\" height=\"65\" src=\"https:\/\/meechile.cl\/inicio\/wp-content\/uploads\/2022\/04\/LOGO-CENTIEL.jpg\" alt=\"\" class=\"wp-image-1579\" srcset=\"https:\/\/meechile.cl\/inicio\/wp-content\/uploads\/2022\/04\/LOGO-CENTIEL.jpg 188w, https:\/\/meechile.cl\/inicio\/wp-content\/uploads\/2022\/04\/LOGO-CENTIEL-64x22.jpg 64w\" sizes=\"auto, (max-width: 188px) 100vw, 188px\" \/><\/a><\/figure>\n<\/div>\n\n\n\n<div class=\"wp-block-column is-vertically-aligned-center is-layout-flow wp-block-column-is-layout-flow\" style=\"flex-basis:25%\">\n<figure class=\"wp-block-image aligncenter size-full is-style-default\"><a href=\"https:\/\/hiref.it\/es\" target=\"_blank\" rel=\"noopener\"><img loading=\"lazy\" decoding=\"async\" width=\"220\" height=\"46\" src=\"https:\/\/meechile.cl\/inicio\/wp-content\/uploads\/2022\/04\/LOGO-HIREF.jpg\" alt=\"\" class=\"wp-image-1580\" srcset=\"https:\/\/meechile.cl\/inicio\/wp-content\/uploads\/2022\/04\/LOGO-HIREF.jpg 220w, https:\/\/meechile.cl\/inicio\/wp-content\/uploads\/2022\/04\/LOGO-HIREF-64x13.jpg 64w\" sizes=\"auto, (max-width: 220px) 100vw, 220px\" \/><\/a><\/figure>\n<\/div>\n\n\n\n<div class=\"wp-block-column is-vertically-aligned-center is-layout-flow wp-block-column-is-layout-flow\" style=\"flex-basis:25%\">\n<figure class=\"wp-block-image aligncenter size-full is-style-default\"><a href=\"https:\/\/www.hoppecke.com\/en\/\" target=\"_blank\" rel=\"noopener\"><img loading=\"lazy\" decoding=\"async\" width=\"232\" height=\"46\" src=\"https:\/\/meechile.cl\/inicio\/wp-content\/uploads\/2022\/04\/LOGO-HOPPECKE.jpg\" alt=\"\" class=\"wp-image-1581\" srcset=\"https:\/\/meechile.cl\/inicio\/wp-content\/uploads\/2022\/04\/LOGO-HOPPECKE.jpg 232w, https:\/\/meechile.cl\/inicio\/wp-content\/uploads\/2022\/04\/LOGO-HOPPECKE-64x13.jpg 64w\" sizes=\"auto, (max-width: 232px) 100vw, 232px\" \/><\/a><\/figure>\n<\/div>\n<\/div>\n\n\n\n<div style=\"height:20px\" aria-hidden=\"true\" class=\"wp-block-spacer\"><\/div>\n\n\n\n<div class=\"wp-block-columns alignfull are-vertically-aligned-center is-layout-flex wp-container-core-columns-is-layout-28f84493 wp-block-columns-is-layout-flex\">\n<div class=\"wp-block-column is-vertically-aligned-center is-layout-flow wp-block-column-is-layout-flow\" style=\"flex-basis:25%\">\n<figure class=\"wp-block-image aligncenter size-full is-style-default\"><a href=\"https:\/\/genesalenergy.com\/\" target=\"_blank\" rel=\"noopener\"><img loading=\"lazy\" decoding=\"async\" width=\"185\" height=\"63\" src=\"https:\/\/meechile.cl\/inicio\/wp-content\/uploads\/2022\/04\/LOGO-GENESAL-ENERGY.jpg\" alt=\"\" class=\"wp-image-1582\" srcset=\"https:\/\/meechile.cl\/inicio\/wp-content\/uploads\/2022\/04\/LOGO-GENESAL-ENERGY.jpg 185w, https:\/\/meechile.cl\/inicio\/wp-content\/uploads\/2022\/04\/LOGO-GENESAL-ENERGY-64x22.jpg 64w\" sizes=\"auto, (max-width: 185px) 100vw, 185px\" \/><\/a><\/figure>\n<\/div>\n\n\n\n<div class=\"wp-block-column is-vertically-aligned-center is-layout-flow wp-block-column-is-layout-flow\" style=\"flex-basis:25%\">\n<figure class=\"wp-block-image aligncenter size-full is-style-default\"><a href=\"https:\/\/www.isg-suisse.ch\/en-gb\/\" target=\"_blank\" rel=\"noopener\"><img loading=\"lazy\" decoding=\"async\" width=\"119\" height=\"119\" src=\"https:\/\/meechile.cl\/inicio\/wp-content\/uploads\/2022\/04\/LOGO-ISG.jpg\" alt=\"\" class=\"wp-image-1585\" srcset=\"https:\/\/meechile.cl\/inicio\/wp-content\/uploads\/2022\/04\/LOGO-ISG.jpg 119w, https:\/\/meechile.cl\/inicio\/wp-content\/uploads\/2022\/04\/LOGO-ISG-100x100.jpg 100w, https:\/\/meechile.cl\/inicio\/wp-content\/uploads\/2022\/04\/LOGO-ISG-64x64.jpg 64w\" sizes=\"auto, (max-width: 119px) 100vw, 119px\" \/><\/a><\/figure>\n<\/div>\n\n\n\n<div class=\"wp-block-column is-vertically-aligned-center is-layout-flow wp-block-column-is-layout-flow\" style=\"flex-basis:25%\">\n<figure class=\"wp-block-image aligncenter size-full is-style-default\"><a href=\"https:\/\/airsysnorthamerica.com\/\" target=\"_blank\" rel=\"noopener\"><img loading=\"lazy\" decoding=\"async\" width=\"173\" height=\"56\" src=\"https:\/\/meechile.cl\/inicio\/wp-content\/uploads\/2022\/04\/LOGO-AIRSYS.jpg\" alt=\"\" class=\"wp-image-1586\" srcset=\"https:\/\/meechile.cl\/inicio\/wp-content\/uploads\/2022\/04\/LOGO-AIRSYS.jpg 173w, https:\/\/meechile.cl\/inicio\/wp-content\/uploads\/2022\/04\/LOGO-AIRSYS-64x21.jpg 64w\" sizes=\"auto, (max-width: 173px) 100vw, 173px\" \/><\/a><\/figure>\n<\/div>\n\n\n\n<div class=\"wp-block-column is-vertically-aligned-center is-layout-flow wp-block-column-is-layout-flow\" style=\"flex-basis:25%\">\n<figure class=\"wp-block-image aligncenter size-full is-style-default\"><a href=\"https:\/\/www.enerlux.eu\/en\/\" target=\"_blank\" rel=\"noopener\"><img loading=\"lazy\" decoding=\"async\" width=\"362\" height=\"139\" src=\"https:\/\/meechile.cl\/inicio\/wp-content\/uploads\/2022\/04\/LOGO-ENERLUX-POWER.png\" alt=\"\" class=\"wp-image-1588\" srcset=\"https:\/\/meechile.cl\/inicio\/wp-content\/uploads\/2022\/04\/LOGO-ENERLUX-POWER.png 362w, https:\/\/meechile.cl\/inicio\/wp-content\/uploads\/2022\/04\/LOGO-ENERLUX-POWER-64x25.png 64w, https:\/\/meechile.cl\/inicio\/wp-content\/uploads\/2022\/04\/LOGO-ENERLUX-POWER-300x115.png 300w\" sizes=\"auto, (max-width: 362px) 100vw, 362px\" \/><\/a><\/figure>\n<\/div>\n<\/div>\n\n\n\n<div style=\"height:20px\" aria-hidden=\"true\" class=\"wp-block-spacer\"><\/div>\n\n\n\n<div class=\"wp-block-columns is-layout-flex wp-container-core-columns-is-layout-28f84493 wp-block-columns-is-layout-flex\">\n<div class=\"wp-block-column is-vertically-aligned-center is-layout-flow wp-block-column-is-layout-flow\" style=\"flex-basis:25%\">\n<figure class=\"wp-block-image aligncenter size-large is-style-default\"><a href=\"https:\/\/www.ritarpower.com\/\" target=\"_blank\" rel=\"noopener\"><img loading=\"lazy\" decoding=\"async\" width=\"1024\" height=\"521\" src=\"https:\/\/meechile.cl\/inicio\/wp-content\/uploads\/2022\/04\/LOGO-RITAR-1024x521.jpg\" alt=\"\" class=\"wp-image-1597\" srcset=\"https:\/\/meechile.cl\/inicio\/wp-content\/uploads\/2022\/04\/LOGO-RITAR-1024x521.jpg 1024w, https:\/\/meechile.cl\/inicio\/wp-content\/uploads\/2022\/04\/LOGO-RITAR-600x305.jpg 600w, https:\/\/meechile.cl\/inicio\/wp-content\/uploads\/2022\/04\/LOGO-RITAR-64x33.jpg 64w, https:\/\/meechile.cl\/inicio\/wp-content\/uploads\/2022\/04\/LOGO-RITAR-300x153.jpg 300w, https:\/\/meechile.cl\/inicio\/wp-content\/uploads\/2022\/04\/LOGO-RITAR-768x391.jpg 768w, https:\/\/meechile.cl\/inicio\/wp-content\/uploads\/2022\/04\/LOGO-RITAR-1536x782.jpg 1536w, https:\/\/meechile.cl\/inicio\/wp-content\/uploads\/2022\/04\/LOGO-RITAR.jpg 1900w\" sizes=\"auto, (max-width: 1024px) 100vw, 1024px\" \/><\/a><\/figure>\n<\/div>\n\n\n\n<div class=\"wp-block-column is-vertically-aligned-center is-layout-flow wp-block-column-is-layout-flow\" style=\"flex-basis:25%\">\n<figure class=\"wp-block-image aligncenter size-full is-style-default\"><a href=\"https:\/\/www.cttech-sl.com\/\" target=\"_blank\" rel=\"noopener\"><img loading=\"lazy\" decoding=\"async\" width=\"290\" height=\"66\" src=\"https:\/\/meechile.cl\/inicio\/wp-content\/uploads\/2022\/05\/CTTECH.png\" alt=\"\" class=\"wp-image-2946\" srcset=\"https:\/\/meechile.cl\/inicio\/wp-content\/uploads\/2022\/05\/CTTECH.png 290w, https:\/\/meechile.cl\/inicio\/wp-content\/uploads\/2022\/05\/CTTECH-64x15.png 64w\" sizes=\"auto, (max-width: 290px) 100vw, 290px\" \/><\/a><\/figure>\n<\/div>\n\n\n\n<div class=\"wp-block-column is-vertically-aligned-center is-layout-flow wp-block-column-is-layout-flow\" style=\"flex-basis:25%\">\n<figure class=\"wp-block-image aligncenter size-full is-style-default\"><a href=\"https:\/\/www.solcon.com\/Home\" target=\"_blank\" rel=\"noopener\"><img loading=\"lazy\" decoding=\"async\" width=\"178\" height=\"85\" src=\"https:\/\/meechile.cl\/inicio\/wp-content\/uploads\/2022\/04\/LOGO-SOLOCON-1.jpg\" alt=\"\" class=\"wp-image-1599\" srcset=\"https:\/\/meechile.cl\/inicio\/wp-content\/uploads\/2022\/04\/LOGO-SOLOCON-1.jpg 178w, https:\/\/meechile.cl\/inicio\/wp-content\/uploads\/2022\/04\/LOGO-SOLOCON-1-64x31.jpg 64w\" sizes=\"auto, (max-width: 178px) 100vw, 178px\" \/><\/a><\/figure>\n<\/div>\n\n\n\n<div class=\"wp-block-column is-vertically-aligned-center is-layout-flow wp-block-column-is-layout-flow\" style=\"flex-basis:25%\">\n<figure class=\"wp-block-image aligncenter size-full is-style-default\"><a href=\"https:\/\/aktif.net\/\" target=\"_blank\" rel=\"noopener\"><img loading=\"lazy\" decoding=\"async\" width=\"110\" height=\"60\" src=\"https:\/\/meechile.cl\/inicio\/wp-content\/uploads\/2022\/05\/LOGO-AKTIF-1.png\" alt=\"\" class=\"wp-image-2160\" srcset=\"https:\/\/meechile.cl\/inicio\/wp-content\/uploads\/2022\/05\/LOGO-AKTIF-1.png 110w, https:\/\/meechile.cl\/inicio\/wp-content\/uploads\/2022\/05\/LOGO-AKTIF-1-64x35.png 64w\" sizes=\"auto, (max-width: 110px) 100vw, 110px\" \/><\/a><\/figure>\n<\/div>\n<\/div>\n\n\n\n<div class=\"wp-block-columns is-layout-flex wp-container-core-columns-is-layout-28f84493 wp-block-columns-is-layout-flex\">\n<div class=\"wp-block-column is-layout-flow wp-block-column-is-layout-flow\">\n<div style=\"height:20px\" aria-hidden=\"true\" class=\"wp-block-spacer\"><\/div>\n\n\n\n<div class=\"wp-block-columns is-layout-flex wp-container-core-columns-is-layout-28f84493 wp-block-columns-is-layout-flex\">\n<div class=\"wp-block-column is-layout-flow wp-block-column-is-layout-flow\">\n<figure class=\"wp-block-image aligncenter size-full\"><a href=\"http:\/\/www.farady.cn\/\" target=\"_blank\" rel=\"noopener\"><img loading=\"lazy\" decoding=\"async\" width=\"217\" height=\"62\" src=\"https:\/\/meechile.cl\/inicio\/wp-content\/uploads\/2022\/05\/Farady-Logo.png\" alt=\"\" class=\"wp-image-2945\" srcset=\"https:\/\/meechile.cl\/inicio\/wp-content\/uploads\/2022\/05\/Farady-Logo.png 217w, https:\/\/meechile.cl\/inicio\/wp-content\/uploads\/2022\/05\/Farady-Logo-64x18.png 64w\" sizes=\"auto, (max-width: 217px) 100vw, 217px\" \/><\/a><\/figure>\n<\/div>\n\n\n\n<div class=\"wp-block-column is-layout-flow wp-block-column-is-layout-flow\"><\/div>\n<\/div>\n<\/div>\n<\/div>\n<\/div><\/div>\n\n\n\n<div class=\"wp-block-cover alignfull is-light has-parallax\" style=\"background-image:url(https:\/\/meechile.cl\/inicio\/wp-content\/uploads\/2022\/04\/MEE-36-scaled.jpg);min-height:300px;aspect-ratio:unset;\"><span aria-hidden=\"true\" class=\"wp-block-cover__background has-ast-global-color-4-background-color has-background-dim\"><\/span><div class=\"wp-block-cover__inner-container is-layout-flow wp-block-cover-is-layout-flow\">\n<div class=\"wp-block-columns alignfull are-vertically-aligned-center is-layout-flex wp-container-core-columns-is-layout-28f84493 wp-block-columns-is-layout-flex\">\n<div class=\"wp-block-column is-vertically-aligned-center is-layout-flow wp-block-column-is-layout-flow\" style=\"flex-basis:66.66%\">\n<h2 class=\"has-text-align-left wp-block-heading\"><mark style=\"background-color:rgba(0, 0, 0, 0)\" class=\"has-inline-color has-ast-global-color-2-color\">\u00bfNecesitas ayuda con soluciones industriales? \u00a1Somos Expertos!<\/mark><\/h2>\n<\/div>\n\n\n\n<div class=\"wp-block-column is-vertically-aligned-center is-layout-flow wp-block-column-is-layout-flow\" style=\"flex-basis:33.33%\">\n<div class=\"wp-block-buttons is-horizontal is-content-justification-center is-layout-flex wp-container-core-buttons-is-layout-03627597 wp-block-buttons-is-layout-flex\">\n<div class=\"wp-block-button\"><a class=\"wp-block-button__link\" href=\"https:\/\/meechile.cl\/inicio\/contacto\/\">COTICE AQU\u00cd<\/a><\/div>\n<\/div>\n<\/div>\n<\/div>\n<\/div><\/div>\n\n\n\n<p><\/p>\n","protected":false},"excerpt":{"rendered":"<p>Soluciones Integrales De Alta Calidad \u00a1ENCONTRAR UNA SOLUCI\u00d3N PERMANENTE ES NUESTRO OBJETIVO! Desde 1998, Nuestro Equipo Ha Logrado Comprender Las Necesidades De La Industria, Convirti\u00e9ndonos As\u00ed En Una Empresa Integradora Que Gestiona M\u00e1s de 300 Proyectos Anualmente en el Cono Sur. Contamos con 3750 m2 en infraestructura y 5 centros de operaci\u00f3n localizados en Santiago, &hellip;<\/p>\n<p class=\"read-more\"> <a class=\"\" href=\"https:\/\/meechile.cl\/inicio\/acerca-de-nosotros\/\"> <span class=\"screen-reader-text\">Acerca de Nosotros<\/span> Leer m\u00e1s &raquo;<\/a><\/p>\n","protected":false},"author":1,"featured_media":0,"parent":0,"menu_order":0,"comment_status":"closed","ping_status":"closed","template":"","meta":{"site-sidebar-layout":"no-sidebar","site-content-layout":"plain-container","ast-global-header-display":"","ast-main-header-display":"","ast-hfb-above-header-display":"","ast-hfb-below-header-display":"","ast-hfb-mobile-header-display":"","site-post-title":"disabled","ast-breadcrumbs-content":"","ast-featured-img":"disabled","footer-sml-layout":"","theme-transparent-header-meta":"enabled","adv-header-id-meta":"","stick-header-meta":"","header-above-stick-meta":"","header-main-stick-meta":"","header-below-stick-meta":"","footnotes":""},"class_list":["post-9","page","type-page","status-publish","hentry"],"uagb_featured_image_src":{"full":false,"thumbnail":false,"medium":false,"medium_large":false,"large":false,"1536x1536":false,"2048x2048":false,"woocommerce_thumbnail":false,"woocommerce_single":false,"woocommerce_gallery_thumbnail":false,"shop_catalog":false,"shop_single":false,"shop_thumbnail":false,"dgwt-wcas-product-suggestion":false},"uagb_author_info":{"display_name":"Marketing","author_link":"https:\/\/meechile.cl\/inicio\/author\/Marketing\/"},"uagb_comment_info":0,"uagb_excerpt":"Soluciones Integrales De Alta Calidad \u00a1ENCONTRAR UNA SOLUCI\u00d3N PERMANENTE ES NUESTRO OBJETIVO! Desde 1998, Nuestro Equipo Ha Logrado Comprender Las Necesidades De La Industria, Convirti\u00e9ndonos As\u00ed En Una Empresa Integradora Que Gestiona M\u00e1s de 300 Proyectos Anualmente en el Cono Sur. Contamos con 3750 m2 en infraestructura y 5 centros de operaci\u00f3n localizados en Santiago,&hellip;","_links":{"self":[{"href":"https:\/\/meechile.cl\/inicio\/wp-json\/wp\/v2\/pages\/9","targetHints":{"allow":["GET"]}}],"collection":[{"href":"https:\/\/meechile.cl\/inicio\/wp-json\/wp\/v2\/pages"}],"about":[{"href":"https:\/\/meechile.cl\/inicio\/wp-json\/wp\/v2\/types\/page"}],"author":[{"embeddable":true,"href":"https:\/\/meechile.cl\/inicio\/wp-json\/wp\/v2\/users\/1"}],"replies":[{"embeddable":true,"href":"https:\/\/meechile.cl\/inicio\/wp-json\/wp\/v2\/comments?post=9"}],"version-history":[{"count":100,"href":"https:\/\/meechile.cl\/inicio\/wp-json\/wp\/v2\/pages\/9\/revisions"}],"predecessor-version":[{"id":2991,"href":"https:\/\/meechile.cl\/inicio\/wp-json\/wp\/v2\/pages\/9\/revisions\/2991"}],"wp:attachment":[{"href":"https:\/\/meechile.cl\/inicio\/wp-json\/wp\/v2\/media?parent=9"}],"curies":[{"name":"wp","href":"https:\/\/api.w.org\/{rel}","templated":true}]}}