{"id":2351,"date":"2022-05-09T13:08:47","date_gmt":"2022-05-09T17:08:47","guid":{"rendered":"https:\/\/meechile.cl\/inicio\/producto\/allsai-e-600-va-2000-va\/"},"modified":"2022-05-23T13:28:36","modified_gmt":"2022-05-23T17:28:36","slug":"allsai-e-600-va-2000-va","status":"publish","type":"product","link":"https:\/\/meechile.cl\/inicio\/producto\/allsai-e-600-va-2000-va\/","title":{"rendered":"ALLSAI E 600 VA  &#8211; 2000 VA"},"content":{"rendered":"","protected":false},"excerpt":{"rendered":"<p>Capacidades: <strong><span style=\"color: #129496;\">600 VA | 800 VA | 1200 VA | 1500 VA | 2000 VA<\/span><\/strong><\/p>\n<p>La UPS Allsai con su L\u00ednea Interactiva ofrece protecci\u00f3n integral y alta densidad de potencia en paquetes peque\u00f1os y econ\u00f3micos. En comparaci\u00f3n con las torres UPS tradicionales del mismo tama\u00f1o, la UPS Allsai es m\u00e1s compacta y ofrece una mayor protecci\u00f3n contra sobretensiones y sobrecorrientes. Equipado con un estabilizador de voltaje, este UPS continuar\u00e1 proporcionando energ\u00eda limpia y estable a los equipos conectados, mientras que su controlador de microprocesador incorporado garantiza una alta fiabilidad, ideal para cualquier aplicaci\u00f3n dom\u00e9stica o de oficina peque\u00f1a.<\/p>\n<p><!-- wp:button {\"backgroundColor\":\"ast-global-color-0\"} --><\/p>\n<div class=\"wp-block-button\"><a class=\"wp-block-button__link has-ast-global-color-0-background-color has-background\" href=\"https:\/\/meechile.cl\/inicio\/wp-content\/uploads\/2022\/05\/ficha-allsai-ups-interactiva.pdf\" target=\"_blank\" rel=\"noopener\">Descargar Ficha T\u00e9cnica<\/a><\/div>\n<p><!-- \/wp:button --><\/p>\n","protected":false},"featured_media":2267,"template":"","meta":{"site-sidebar-layout":"default","site-content-layout":"default","ast-global-header-display":"","ast-main-header-display":"","ast-hfb-above-header-display":"","ast-hfb-below-header-display":"","ast-hfb-mobile-header-display":"","site-post-title":"","ast-breadcrumbs-content":"","ast-featured-img":"","footer-sml-layout":"","theme-transparent-header-meta":"default","adv-header-id-meta":"","stick-header-meta":"","header-above-stick-meta":"","header-main-stick-meta":"","header-below-stick-meta":""},"product_cat":[32,27],"product_tag":[],"class_list":["post-2351","product","type-product","status-publish","has-post-thumbnail","hentry","product_cat-ups","product_cat-ups-interactivas"],"_links":{"self":[{"href":"https:\/\/meechile.cl\/inicio\/wp-json\/wp\/v2\/product\/2351","targetHints":{"allow":["GET"]}}],"collection":[{"href":"https:\/\/meechile.cl\/inicio\/wp-json\/wp\/v2\/product"}],"about":[{"href":"https:\/\/meechile.cl\/inicio\/wp-json\/wp\/v2\/types\/product"}],"wp:featuredmedia":[{"embeddable":true,"href":"https:\/\/meechile.cl\/inicio\/wp-json\/wp\/v2\/media\/2267"}],"wp:attachment":[{"href":"https:\/\/meechile.cl\/inicio\/wp-json\/wp\/v2\/media?parent=2351"}],"wp:term":[{"taxonomy":"product_cat","embeddable":true,"href":"https:\/\/meechile.cl\/inicio\/wp-json\/wp\/v2\/product_cat?post=2351"},{"taxonomy":"product_tag","embeddable":true,"href":"https:\/\/meechile.cl\/inicio\/wp-json\/wp\/v2\/product_tag?post=2351"}],"curies":[{"name":"wp","href":"https:\/\/api.w.org\/{rel}","templated":true}]}}