{"id":2353,"date":"2022-05-09T13:08:47","date_gmt":"2022-05-09T17:08:47","guid":{"rendered":"https:\/\/meechile.cl\/inicio\/producto\/allsai-w-pro-1-kva-10-kva-torre\/"},"modified":"2022-05-23T13:27:56","modified_gmt":"2022-05-23T17:27:56","slug":"allsai-w-pro-1-kva-10-kva-torre","status":"publish","type":"product","link":"https:\/\/meechile.cl\/inicio\/producto\/allsai-w-pro-1-kva-10-kva-torre\/","title":{"rendered":"ALLSAI W PRO 1 KVA &#8211; 10 KVA (Torre)"},"content":{"rendered":"","protected":false},"excerpt":{"rendered":"<p>Capacidades: <strong><span style=\"color: #129496;\">1 KVA | 2 KVA | 3 KVA | 6 KVA | 10 KVA<\/span><\/strong><\/p>\n<p>Allsai W Pro es una UPS en l\u00ednea de doble conversi\u00f3n con tecnolog\u00eda de alta densidad, con factor de potencia de entrada (PFC), factor de potencia de salida 0.9, ofrece altos niveles de fiabilidad y protecci\u00f3n para aplicaciones cr\u00edticas. Adem\u00e1s de contar con suficiente tiempo de autonom\u00eda como energ\u00eda de reserva.<\/p>\n<p>Las aplicaciones m\u00e1s comunes son sistemas inform\u00e1ticos de procesamiento de datos, equipos de telecomunicaciones y misi\u00f3n sistemas cr\u00edticos.<br \/>\n<!-- wp:button {\"backgroundColor\":\"ast-global-color-0\"} --><\/p>\n<div class=\"wp-block-button\"><a class=\"wp-block-button__link has-ast-global-color-0-background-color has-background\" href=\"https:\/\/meechile.cl\/inicio\/wp-content\/uploads\/2022\/05\/ficha-allsai-ups-monofasica.pdf\" target=\"_blank\" rel=\"noopener\">Descargar Ficha T\u00e9cnica<\/a><\/div>\n<p><!-- \/wp:button --><\/p>\n","protected":false},"featured_media":2270,"template":"","meta":{"site-sidebar-layout":"default","site-content-layout":"default","ast-global-header-display":"","ast-main-header-display":"","ast-hfb-above-header-display":"","ast-hfb-below-header-display":"","ast-hfb-mobile-header-display":"","site-post-title":"","ast-breadcrumbs-content":"","ast-featured-img":"","footer-sml-layout":"","theme-transparent-header-meta":"default","adv-header-id-meta":"","stick-header-meta":"","header-above-stick-meta":"","header-main-stick-meta":"","header-below-stick-meta":""},"product_cat":[32,28],"product_tag":[],"class_list":["post-2353","product","type-product","status-publish","has-post-thumbnail","hentry","product_cat-ups","product_cat-ups-monofasicas"],"_links":{"self":[{"href":"https:\/\/meechile.cl\/inicio\/wp-json\/wp\/v2\/product\/2353","targetHints":{"allow":["GET"]}}],"collection":[{"href":"https:\/\/meechile.cl\/inicio\/wp-json\/wp\/v2\/product"}],"about":[{"href":"https:\/\/meechile.cl\/inicio\/wp-json\/wp\/v2\/types\/product"}],"wp:featuredmedia":[{"embeddable":true,"href":"https:\/\/meechile.cl\/inicio\/wp-json\/wp\/v2\/media\/2270"}],"wp:attachment":[{"href":"https:\/\/meechile.cl\/inicio\/wp-json\/wp\/v2\/media?parent=2353"}],"wp:term":[{"taxonomy":"product_cat","embeddable":true,"href":"https:\/\/meechile.cl\/inicio\/wp-json\/wp\/v2\/product_cat?post=2353"},{"taxonomy":"product_tag","embeddable":true,"href":"https:\/\/meechile.cl\/inicio\/wp-json\/wp\/v2\/product_tag?post=2353"}],"curies":[{"name":"wp","href":"https:\/\/api.w.org\/{rel}","templated":true}]}}