{"id":2359,"date":"2022-05-09T13:08:47","date_gmt":"2022-05-09T17:08:47","guid":{"rendered":"https:\/\/meechile.cl\/inicio\/producto\/allsai-w-pro-10-kva-20-kva-torre\/"},"modified":"2022-05-23T13:26:24","modified_gmt":"2022-05-23T17:26:24","slug":"allsai-w-pro-10-kva-20-kva-torre","status":"publish","type":"product","link":"https:\/\/meechile.cl\/inicio\/producto\/allsai-w-pro-10-kva-20-kva-torre\/","title":{"rendered":"ALLSAI W PRO 10 KVA &#8211; 20 KVA (Torre)"},"content":{"rendered":"","protected":false},"excerpt":{"rendered":"<p>Capacidades:\u00a0<strong><span style=\"color: #129496;\">10 KVA | 15 KVA | 20 KVA<\/span><\/strong><\/p>\n<p>Allsai W Pro 3\/1 y 1\/1 con capacidades entre 6 KVA ~ 20 KVA Online Doble Conversi\u00f3n con 3 fases en la entrada y 1 fase de salida, cuenta con factor de potencia de salida 0.9, adem\u00e1s ofrece altos niveles de fiabilidad y protecci\u00f3n para sistemas inform\u00e1ticos, equipos de telecomunicaciones y sistemas de misi\u00f3n cr\u00edtica, garantizando la m\u00e1xima potencia confiabilidad.<\/p>\n<p>Adem\u00e1s del tiempo de funcionamiento est\u00e1ndar como energ\u00eda de reserva, el modelo de autonom\u00eda extendida Allsai W Pro 3\/1 se puede adaptar con paquetes de extensi\u00f3n de la bater\u00eda para cumplir con las mayores exigencias.<\/p>\n<p>Adem\u00e1s de las caracter\u00edsticas est\u00e1ndar de la UPS normal, tambi\u00e9n es capaz de soportar un rango amplio de voltaje de entrada y funcionar en un medio ambiente \u00e1spero, permite seleccionar el modo de entrada a trav\u00e9s de LCD: 3\/1 o 1\/1; opcional funci\u00f3n de paralelo red\u00fandate N + X.<br \/>\n<!-- wp:button {\"backgroundColor\":\"ast-global-color-0\"} --><\/p>\n<div class=\"wp-block-button\"><a class=\"wp-block-button__link has-ast-global-color-0-background-color has-background\" href=\"https:\/\/meechile.cl\/inicio\/wp-content\/uploads\/2022\/05\/ficha-allsai-ups-trimono.pdf\" target=\"_blank\" rel=\"noopener\">Descargar Ficha T\u00e9cnica<\/a><\/div>\n<p><!-- \/wp:button --><\/p>\n","protected":false},"featured_media":2278,"template":"","meta":{"site-sidebar-layout":"default","site-content-layout":"default","ast-global-header-display":"","ast-main-header-display":"","ast-hfb-above-header-display":"","ast-hfb-below-header-display":"","ast-hfb-mobile-header-display":"","site-post-title":"","ast-breadcrumbs-content":"","ast-featured-img":"","footer-sml-layout":"","theme-transparent-header-meta":"default","adv-header-id-meta":"","stick-header-meta":"","header-above-stick-meta":"","header-main-stick-meta":"","header-below-stick-meta":""},"product_cat":[32,29],"product_tag":[],"class_list":["post-2359","product","type-product","status-publish","has-post-thumbnail","hentry","product_cat-ups","product_cat-ups-trimono"],"_links":{"self":[{"href":"https:\/\/meechile.cl\/inicio\/wp-json\/wp\/v2\/product\/2359","targetHints":{"allow":["GET"]}}],"collection":[{"href":"https:\/\/meechile.cl\/inicio\/wp-json\/wp\/v2\/product"}],"about":[{"href":"https:\/\/meechile.cl\/inicio\/wp-json\/wp\/v2\/types\/product"}],"wp:featuredmedia":[{"embeddable":true,"href":"https:\/\/meechile.cl\/inicio\/wp-json\/wp\/v2\/media\/2278"}],"wp:attachment":[{"href":"https:\/\/meechile.cl\/inicio\/wp-json\/wp\/v2\/media?parent=2359"}],"wp:term":[{"taxonomy":"product_cat","embeddable":true,"href":"https:\/\/meechile.cl\/inicio\/wp-json\/wp\/v2\/product_cat?post=2359"},{"taxonomy":"product_tag","embeddable":true,"href":"https:\/\/meechile.cl\/inicio\/wp-json\/wp\/v2\/product_tag?post=2359"}],"curies":[{"name":"wp","href":"https:\/\/api.w.org\/{rel}","templated":true}]}}