{"id":2365,"date":"2022-05-09T13:08:47","date_gmt":"2022-05-09T17:08:47","guid":{"rendered":"https:\/\/meechile.cl\/inicio\/producto\/allsai-w-pro-40-kva-60-kva-torre\/"},"modified":"2022-05-23T13:27:09","modified_gmt":"2022-05-23T17:27:09","slug":"allsai-w-pro-40-kva-60-kva-torre","status":"publish","type":"product","link":"https:\/\/meechile.cl\/inicio\/producto\/allsai-w-pro-40-kva-60-kva-torre\/","title":{"rendered":"ALLSAI W PRO + 40 KVA &#8211; 60 KVA (Torre)"},"content":{"rendered":"","protected":false},"excerpt":{"rendered":"<p>Capacidades: <strong><span style=\"color: #129496;\">40 KVA | 60 KVA<\/span><\/strong><\/p>\n<p>Allsai W Pro + es un UPS Online Doble Conversi\u00f3n Trif\u00e1sico con correcci\u00f3n de factor de potencia de entrada (PFC), y con un alto factor de potencia de salida 0.9. Posee tomas de administraci\u00f3n de energ\u00eda programables que pueden extender el tiempo de autonom\u00eda apagando dispositivos innecesarios.<br \/>\n<!-- wp:button {\"backgroundColor\":\"ast-global-color-0\"} --><\/p>\n<div class=\"wp-block-button\"><a class=\"wp-block-button__link has-ast-global-color-0-background-color has-background\" href=\"https:\/\/meechile.cl\/inicio\/wp-content\/uploads\/2022\/05\/ficha-allsai-ups-trifasica-2.pdf\" target=\"_blank\" rel=\"noopener\">Descargar Ficha T\u00e9cnica<\/a><\/div>\n<p><!-- \/wp:button --><\/p>\n","protected":false},"featured_media":2283,"template":"","meta":{"site-sidebar-layout":"default","site-content-layout":"default","ast-global-header-display":"","ast-main-header-display":"","ast-hfb-above-header-display":"","ast-hfb-below-header-display":"","ast-hfb-mobile-header-display":"","site-post-title":"","ast-breadcrumbs-content":"","ast-featured-img":"","footer-sml-layout":"","theme-transparent-header-meta":"default","adv-header-id-meta":"","stick-header-meta":"","header-above-stick-meta":"","header-main-stick-meta":"","header-below-stick-meta":""},"product_cat":[32,30],"product_tag":[],"class_list":["post-2365","product","type-product","status-publish","has-post-thumbnail","hentry","product_cat-ups","product_cat-ups-trifasicas"],"_links":{"self":[{"href":"https:\/\/meechile.cl\/inicio\/wp-json\/wp\/v2\/product\/2365","targetHints":{"allow":["GET"]}}],"collection":[{"href":"https:\/\/meechile.cl\/inicio\/wp-json\/wp\/v2\/product"}],"about":[{"href":"https:\/\/meechile.cl\/inicio\/wp-json\/wp\/v2\/types\/product"}],"wp:featuredmedia":[{"embeddable":true,"href":"https:\/\/meechile.cl\/inicio\/wp-json\/wp\/v2\/media\/2283"}],"wp:attachment":[{"href":"https:\/\/meechile.cl\/inicio\/wp-json\/wp\/v2\/media?parent=2365"}],"wp:term":[{"taxonomy":"product_cat","embeddable":true,"href":"https:\/\/meechile.cl\/inicio\/wp-json\/wp\/v2\/product_cat?post=2365"},{"taxonomy":"product_tag","embeddable":true,"href":"https:\/\/meechile.cl\/inicio\/wp-json\/wp\/v2\/product_tag?post=2365"}],"curies":[{"name":"wp","href":"https:\/\/api.w.org\/{rel}","templated":true}]}}