{"id":2375,"date":"2022-05-09T13:08:48","date_gmt":"2022-05-09T17:08:48","guid":{"rendered":"https:\/\/meechile.cl\/inicio\/producto\/allsai-power-90-kw-210-kw\/"},"modified":"2022-05-23T13:28:11","modified_gmt":"2022-05-23T17:28:11","slug":"allsai-power-90-kw-210-kw","status":"publish","type":"product","link":"https:\/\/meechile.cl\/inicio\/producto\/allsai-power-90-kw-210-kw\/","title":{"rendered":"ALLSAI + POWER 90 KW &#8211; 210 KW"},"content":{"rendered":"","protected":false},"excerpt":{"rendered":"<p>Capacidad: <span style=\"color: #129496;\"><strong>90 KW | 120 KW | 180 KW | 200 KW | 210 KW<\/strong><\/span><\/p>\n<p>Allsai +Power cuenta con tecnolog\u00eda de doble conversi\u00f3n en l\u00ednea con alta eficiencia de hasta el 94,5% con una carga del 50%. Proporcionando el m\u00e1ximo de capacidad de potencia para cargas de misi\u00f3n cr\u00edtica. Ademas el dise\u00f1o modular se aplica en el m\u00f3dulo de potencia, el m\u00f3dulo STS y m\u00f3dulo de bater\u00eda simplificar\u00e1 el mantenimiento y la sustituci\u00f3n. Con bajo MTTR (Mean Time To Repair)<br \/>\n<!-- wp:button {\"backgroundColor\":\"ast-global-color-0\"} --><\/p>\n<div class=\"wp-block-button\"><a class=\"wp-block-button__link has-ast-global-color-0-background-color has-background\" href=\"https:\/\/meechile.cl\/inicio\/wp-content\/uploads\/2022\/05\/ficha-allsai-ups-modular.pdf\" target=\"_blank\" rel=\"noopener\">Descargar Ficha T\u00e9cnica<\/a><\/div>\n<p><!-- \/wp:button --><\/p>\n","protected":false},"featured_media":2290,"template":"","meta":{"site-sidebar-layout":"default","site-content-layout":"default","ast-global-header-display":"","ast-main-header-display":"","ast-hfb-above-header-display":"","ast-hfb-below-header-display":"","ast-hfb-mobile-header-display":"","site-post-title":"","ast-breadcrumbs-content":"","ast-featured-img":"","footer-sml-layout":"","theme-transparent-header-meta":"default","adv-header-id-meta":"","stick-header-meta":"","header-above-stick-meta":"","header-main-stick-meta":"","header-below-stick-meta":""},"product_cat":[32,31],"product_tag":[],"class_list":["post-2375","product","type-product","status-publish","has-post-thumbnail","hentry","product_cat-ups","product_cat-ups-modulares"],"_links":{"self":[{"href":"https:\/\/meechile.cl\/inicio\/wp-json\/wp\/v2\/product\/2375","targetHints":{"allow":["GET"]}}],"collection":[{"href":"https:\/\/meechile.cl\/inicio\/wp-json\/wp\/v2\/product"}],"about":[{"href":"https:\/\/meechile.cl\/inicio\/wp-json\/wp\/v2\/types\/product"}],"wp:featuredmedia":[{"embeddable":true,"href":"https:\/\/meechile.cl\/inicio\/wp-json\/wp\/v2\/media\/2290"}],"wp:attachment":[{"href":"https:\/\/meechile.cl\/inicio\/wp-json\/wp\/v2\/media?parent=2375"}],"wp:term":[{"taxonomy":"product_cat","embeddable":true,"href":"https:\/\/meechile.cl\/inicio\/wp-json\/wp\/v2\/product_cat?post=2375"},{"taxonomy":"product_tag","embeddable":true,"href":"https:\/\/meechile.cl\/inicio\/wp-json\/wp\/v2\/product_tag?post=2375"}],"curies":[{"name":"wp","href":"https:\/\/api.w.org\/{rel}","templated":true}]}}