{"id":2417,"date":"2022-05-10T12:56:30","date_gmt":"2022-05-10T16:56:30","guid":{"rendered":"https:\/\/meechile.cl\/inicio\/?post_type=product&#038;p=2417"},"modified":"2022-05-10T17:43:42","modified_gmt":"2022-05-10T21:43:42","slug":"allsai-agm","status":"publish","type":"product","link":"https:\/\/meechile.cl\/inicio\/producto\/allsai-agm\/","title":{"rendered":"ALLSAI AGM"},"content":{"rendered":"<p><strong>LP<\/strong><br \/>\nVoltajes disponibles: 2V,4V,6V,8V,12V<br \/>\nCapacidades: 3,5Ah a 3.150Ah<br \/>\nAplicaciones:<br \/>\n\u2022 Sistema de alimentaci\u00f3n el\u00e9ctrica ininterrumpida (UPS) de uso m\u00faltiple (EPS)<br \/>\n\u2022 Alimentaci\u00f3n de reserva de emergencia<br \/>\n\u2022 Luz de emergencia<br \/>\n\u2022 Se\u00f1al de ferrocarril<br \/>\n\u2022 Se\u00f1al de avi\u00f3n<br \/>\n\u2022 Sistema de alarma y seguridad.<br \/>\n\u2022 Aparatos y equipos electr\u00f3nicos.<br \/>\n\u2022 Alimentaci\u00f3n el\u00e9ctrica de comunicaci\u00f3n.<br \/>\n\u2022 Sistema de control autom\u00e1tico de alimentaci\u00f3n DC<\/p>\n<p><strong>LPC<\/strong><br \/>\nVoltajes disponibles: 6V,12V<br \/>\nCapacidades: 5,6Ah a 200Ah<br \/>\nAplicaciones:<br \/>\n\u2022 Herramientas el\u00e9ctricas<br \/>\n\u2022 Veh\u00edculo en lugar de caminar<br \/>\n\u2022 Cortac\u00e9spedes<br \/>\n\u2022 Aparatos port\u00e1tiles, luces e instrumentos.<br \/>\n\u2022 Luces el\u00e9ctricas de iluminaci\u00f3n de juguetes<br \/>\n\u2022 Alarmas de incendio.<br \/>\n\u2022 Port\u00e1tiles.<br \/>\n\u2022 Equipos m\u00e9dicos.<\/p>\n<p><strong>LPL<\/strong><br \/>\nVoltajes disponibles: 2V,4V,6V,12V<br \/>\nCapacidades: 8,48Ah a 3.202Ah<br \/>\nAplicaciones:<br \/>\n\u2022 UPS.<br \/>\n\u2022 Luz de emergencia.<br \/>\n\u2022 Se\u00f1al de ferrocarril y sistema de se\u00f1al de avi\u00f3n.<br \/>\n\u2022 Sistema de alarma y seguridad de quipos de aplicaci\u00f3n mar\u00edtima.<br \/>\n\u2022 Aparatos y equipos electr\u00f3nicos.<br \/>\n\u2022 Alimentaci\u00f3n de comunicaci\u00f3n, alimentaci\u00f3n de corriente continua.<\/p>\n<p><strong>LPF<\/strong><br \/>\nVoltajes disponibles:12V<br \/>\nCapacidades: 50Ah a 125Ah<br \/>\nAplicaciones:<br \/>\n\u2022 Para gabinetes de potencia est\u00e1ndar de 19 pulgadas o 23 pulgadas<br \/>\n\u2022 Equipo de conexi\u00f3n a red del sistema de comunicaci\u00f3n.<br \/>\n\u2022 Sistema de alimentaci\u00f3n de energ\u00eda de respaldo.<br \/>\n\u2022 Sistemas de centrales el\u00e9ctricas.<br \/>\n\u2022 Sistemas ferroviarios y mar\u00edtimos.<\/p>\n","protected":false},"excerpt":{"rendered":"<p>Modelos: <strong><span style=\"color: #129496;\">LP, LPC, LPF, LPL<\/span><\/strong><\/p>\n<p>Voltajes disponibles: <strong><span style=\"color: #129496;\">2V,4V,6V, 8V,12V<\/span><\/strong><\/p>\n<p>Capacidades: <strong><span style=\"color: #129496;\">3,5Ah a 3.150Ah<\/span><\/strong><\/p>\n<p>Descripci\u00f3n: Las bater\u00edas ALLSAI VRLA-AGM son bater\u00edas de Plomo \u00e1cido reguladas por v\u00e1lvula con separadores de placa de vidrio absorbente (AGM). Son bater\u00edas de alta calidad y larga vida de 2V a 24V, y de 0.5AH a 3500AH.<\/p>\n<p><!-- wp:button {\"backgroundColor\":\"ast-global-color-0\"} --><\/p>\n<div class=\"wp-block-button\"><a class=\"wp-block-button__link has-ast-global-color-0-background-color has-background\" href=\"https:\/\/meechile.cl\/inicio\/wp-content\/uploads\/2022\/05\/Fichas-Baterias-Allsai-AGM.pdf\" target=\"_blank\" rel=\"noopener\">Descargar Ficha T\u00e9cnica<\/a><\/div>\n<p><!-- \/wp:button --><\/p>\n","protected":false},"featured_media":2416,"template":"","meta":{"site-sidebar-layout":"default","site-content-layout":"default","ast-global-header-display":"","ast-main-header-display":"","ast-hfb-above-header-display":"","ast-hfb-below-header-display":"","ast-hfb-mobile-header-display":"","site-post-title":"","ast-breadcrumbs-content":"","ast-featured-img":"","footer-sml-layout":"","theme-transparent-header-meta":"default","adv-header-id-meta":"","stick-header-meta":"","header-above-stick-meta":"","header-main-stick-meta":"","header-below-stick-meta":""},"product_cat":[33,26],"product_tag":[],"class_list":["post-2417","product","type-product","status-publish","has-post-thumbnail","hentry","product_cat-baterias","product_cat-respaldo-de-energia"],"_links":{"self":[{"href":"https:\/\/meechile.cl\/inicio\/wp-json\/wp\/v2\/product\/2417","targetHints":{"allow":["GET"]}}],"collection":[{"href":"https:\/\/meechile.cl\/inicio\/wp-json\/wp\/v2\/product"}],"about":[{"href":"https:\/\/meechile.cl\/inicio\/wp-json\/wp\/v2\/types\/product"}],"wp:featuredmedia":[{"embeddable":true,"href":"https:\/\/meechile.cl\/inicio\/wp-json\/wp\/v2\/media\/2416"}],"wp:attachment":[{"href":"https:\/\/meechile.cl\/inicio\/wp-json\/wp\/v2\/media?parent=2417"}],"wp:term":[{"taxonomy":"product_cat","embeddable":true,"href":"https:\/\/meechile.cl\/inicio\/wp-json\/wp\/v2\/product_cat?post=2417"},{"taxonomy":"product_tag","embeddable":true,"href":"https:\/\/meechile.cl\/inicio\/wp-json\/wp\/v2\/product_tag?post=2417"}],"curies":[{"name":"wp","href":"https:\/\/api.w.org\/{rel}","templated":true}]}}