{"id":2427,"date":"2022-05-10T14:54:17","date_gmt":"2022-05-10T18:54:17","guid":{"rendered":"https:\/\/meechile.cl\/inicio\/?post_type=product&#038;p=2427"},"modified":"2022-05-10T17:44:33","modified_gmt":"2022-05-10T21:44:33","slug":"allsai-gel","status":"publish","type":"product","link":"https:\/\/meechile.cl\/inicio\/producto\/allsai-gel\/","title":{"rendered":"ALLSAI GEL"},"content":{"rendered":"<p><strong>LPG<\/strong><br \/>\nVoltajes disponibles:2V, 6V, 12V<br \/>\nCapacidades: 9Ah a 3200Ah<br \/>\nAplicaciones:<br \/>\n\u2022 Carritos de golf.<br \/>\n\u2022 Equipo de jardiner\u00eda.<br \/>\n\u2022 Equipo port\u00e1til.<br \/>\n\u2022 Unidades de molinos solares y e\u00f3licos.<br \/>\n\u2022 Equipo m\u00e9dico.<br \/>\n\u2022 Se\u00f1ales de tr\u00e1nsito.<br \/>\n\u2022 Barcos o boyas.<\/p>\n<p><strong>LPGS<\/strong><br \/>\nVoltajes disponibles:2V, 12V<br \/>\nCapacidades: 25Ah a 1500Ah<br \/>\nAplicaciones:<br \/>\n\u2022 Energ\u00eda e\u00f3lica, solar y renovable.<br \/>\n\u2022 Instalaciones de petr\u00f3leo y gas.<br \/>\n\u2022 Estaci\u00f3n de base remota de telecomunicaci\u00f3n.<br \/>\n\u2022 Ambiente extremo.<br \/>\n\u2022 Aplicaciones fuera de la red.<\/p>\n","protected":false},"excerpt":{"rendered":"<p>Modelos: <strong><span style=\"color: #129496;\">LPG, LPGS<\/span><\/strong><\/p>\n<p>Voltajes disponibles: <strong><span style=\"color: #129496;\">2V,4V,6V, 8V,12V<\/span><\/strong><\/p>\n<p>Capacidades: <strong><span style=\"color: #129496;\">3,5Ah a 3.150Ah<\/span><\/strong><\/p>\n<p>Descripci\u00f3n:Las bater\u00edas ALLSAI VRLA-GEL est\u00e1n fabricadas con verdadera tecnolog\u00eda comprobada en m\u00e1s de un siglo de experiencia. Debido a su caracter\u00edstica VRLA no requieren v\u00e1lvulas reguladas para mantenimiento.<\/p>\n<p><!-- wp:button {\"backgroundColor\":\"ast-global-color-0\"} --><\/p>\n<div class=\"wp-block-button\"><a class=\"wp-block-button__link has-ast-global-color-0-background-color has-background\" href=\"https:\/\/meechile.cl\/inicio\/wp-content\/uploads\/2022\/05\/Fichas-baterias-Allsai-GEL.pdf\" target=\"_blank\" rel=\"noopener\">Descargar Ficha T\u00e9cnica<\/a><\/div>\n<p><!-- \/wp:button --><\/p>\n","protected":false},"featured_media":2429,"template":"","meta":{"site-sidebar-layout":"default","site-content-layout":"default","ast-global-header-display":"","ast-main-header-display":"","ast-hfb-above-header-display":"","ast-hfb-below-header-display":"","ast-hfb-mobile-header-display":"","site-post-title":"","ast-breadcrumbs-content":"","ast-featured-img":"","footer-sml-layout":"","theme-transparent-header-meta":"default","adv-header-id-meta":"","stick-header-meta":"","header-above-stick-meta":"","header-main-stick-meta":"","header-below-stick-meta":""},"product_cat":[33],"product_tag":[],"class_list":["post-2427","product","type-product","status-publish","has-post-thumbnail","hentry","product_cat-baterias"],"_links":{"self":[{"href":"https:\/\/meechile.cl\/inicio\/wp-json\/wp\/v2\/product\/2427","targetHints":{"allow":["GET"]}}],"collection":[{"href":"https:\/\/meechile.cl\/inicio\/wp-json\/wp\/v2\/product"}],"about":[{"href":"https:\/\/meechile.cl\/inicio\/wp-json\/wp\/v2\/types\/product"}],"wp:featuredmedia":[{"embeddable":true,"href":"https:\/\/meechile.cl\/inicio\/wp-json\/wp\/v2\/media\/2429"}],"wp:attachment":[{"href":"https:\/\/meechile.cl\/inicio\/wp-json\/wp\/v2\/media?parent=2427"}],"wp:term":[{"taxonomy":"product_cat","embeddable":true,"href":"https:\/\/meechile.cl\/inicio\/wp-json\/wp\/v2\/product_cat?post=2427"},{"taxonomy":"product_tag","embeddable":true,"href":"https:\/\/meechile.cl\/inicio\/wp-json\/wp\/v2\/product_tag?post=2427"}],"curies":[{"name":"wp","href":"https:\/\/api.w.org\/{rel}","templated":true}]}}