{"id":2432,"date":"2022-05-10T16:34:28","date_gmt":"2022-05-10T20:34:28","guid":{"rendered":"https:\/\/meechile.cl\/inicio\/?post_type=product&#038;p=2432"},"modified":"2022-05-10T17:45:36","modified_gmt":"2022-05-10T21:45:36","slug":"allsai-litio","status":"publish","type":"product","link":"https:\/\/meechile.cl\/inicio\/producto\/allsai-litio\/","title":{"rendered":"ALLSAI LITIO"},"content":{"rendered":"<p><strong>LITHIUM-LiFePO4<\/strong><br \/>\nVoltajes disponibles: 51,2V<br \/>\nCapacidades: 10Ah-100Ah<br \/>\nAplicaciones:<br \/>\n\u2022 Telecomunicaciones<br \/>\n\u2022 Miner\u00eda<\/p>\n","protected":false},"excerpt":{"rendered":"<p>Modelos: <strong><span style=\"color: #129496;\">LiFePO4<\/span><\/strong><\/p>\n<p>Voltajes disponibles: <strong><span style=\"color: #129496;\">48V<\/span><\/strong><\/p>\n<p>Capacidades: <strong><span style=\"color: #129496;\">10Ah-100Ah<\/span><\/strong><\/p>\n<p>Descripci\u00f3n:dise\u00f1ado para almacenamiento de energ\u00eda el\u00e9ctrica que emplea como electrolito una sal de litio.<\/p>\n<p><!-- wp:button {\"backgroundColor\":\"ast-global-color-0\"} --><\/p>\n<div class=\"wp-block-button\"><a class=\"wp-block-button__link has-ast-global-color-0-background-color has-background\" href=\"https:\/\/meechile.cl\/inicio\/wp-content\/uploads\/2022\/05\/Fichas-baterias-allsai-LITIO.pdf\" target=\"_blank\" rel=\"noopener\">Descargar Ficha T\u00e9cnica<\/a><\/div>\n<p><!-- \/wp:button --><\/p>\n","protected":false},"featured_media":2434,"template":"","meta":{"site-sidebar-layout":"default","site-content-layout":"default","ast-global-header-display":"","ast-main-header-display":"","ast-hfb-above-header-display":"","ast-hfb-below-header-display":"","ast-hfb-mobile-header-display":"","site-post-title":"","ast-breadcrumbs-content":"","ast-featured-img":"","footer-sml-layout":"","theme-transparent-header-meta":"default","adv-header-id-meta":"","stick-header-meta":"","header-above-stick-meta":"","header-main-stick-meta":"","header-below-stick-meta":""},"product_cat":[33],"product_tag":[],"class_list":["post-2432","product","type-product","status-publish","has-post-thumbnail","hentry","product_cat-baterias"],"_links":{"self":[{"href":"https:\/\/meechile.cl\/inicio\/wp-json\/wp\/v2\/product\/2432","targetHints":{"allow":["GET"]}}],"collection":[{"href":"https:\/\/meechile.cl\/inicio\/wp-json\/wp\/v2\/product"}],"about":[{"href":"https:\/\/meechile.cl\/inicio\/wp-json\/wp\/v2\/types\/product"}],"wp:featuredmedia":[{"embeddable":true,"href":"https:\/\/meechile.cl\/inicio\/wp-json\/wp\/v2\/media\/2434"}],"wp:attachment":[{"href":"https:\/\/meechile.cl\/inicio\/wp-json\/wp\/v2\/media?parent=2432"}],"wp:term":[{"taxonomy":"product_cat","embeddable":true,"href":"https:\/\/meechile.cl\/inicio\/wp-json\/wp\/v2\/product_cat?post=2432"},{"taxonomy":"product_tag","embeddable":true,"href":"https:\/\/meechile.cl\/inicio\/wp-json\/wp\/v2\/product_tag?post=2432"}],"curies":[{"name":"wp","href":"https:\/\/api.w.org\/{rel}","templated":true}]}}