{"id":2462,"date":"2022-05-11T10:54:54","date_gmt":"2022-05-11T14:54:54","guid":{"rendered":"https:\/\/meechile.cl\/inicio\/?post_type=product&#038;p=2462"},"modified":"2022-05-12T15:45:03","modified_gmt":"2022-05-12T19:45:03","slug":"hoppecke-sun-power-vl","status":"publish","type":"product","link":"https:\/\/meechile.cl\/inicio\/producto\/hoppecke-sun-power-vl\/","title":{"rendered":"HOPPECKE SUN POWER VL"},"content":{"rendered":"","protected":false},"excerpt":{"rendered":"<p>Modelos: <span style=\"color: #129496;\"><strong>OPzS, OPzS BLOC<\/strong><\/span><\/p>\n<p>Voltajes disponibles: <strong><span style=\"color: #129496;\">2V, 6 V, 12 V<\/span><\/strong><\/p>\n<p>Capacidades: <strong><span style=\"color: #129496;\">200 Ah a 3.000 Ah<\/span><\/strong><\/p>\n<p>Una placa positiva con guantelete de protecci\u00f3n de poli\u00e9ster asegura que el sol | power V L tenga una larga vida \u00fatil. Las aplicaciones c\u00edclicas o los largos tiempos de retenci\u00f3n (peque\u00f1as descargas) son campos de aplicaci\u00f3n t\u00edpicos para la energ\u00eda solar V L. Tiene un formato DIN probado y, por lo tanto, es muy vers\u00e1til.<\/p>\n<p><!-- wp:button {\"backgroundColor\":\"ast-global-color-0\"} --><\/p>\n<div class=\"wp-block-button\"><a class=\"wp-block-button__link has-ast-global-color-0-background-color has-background\" href=\"https:\/\/meechile.cl\/inicio\/wp-content\/uploads\/2022\/05\/ficha-hoppecke-baterias-sun-power.pdf\" target=\"_blank\" rel=\"noopener\">Descargar Ficha T\u00e9cnica<\/a><\/div>\n<p><!-- \/wp:button --><\/p>\n","protected":false},"featured_media":2463,"template":"","meta":{"site-sidebar-layout":"default","site-content-layout":"default","ast-global-header-display":"","ast-main-header-display":"","ast-hfb-above-header-display":"","ast-hfb-below-header-display":"","ast-hfb-mobile-header-display":"","site-post-title":"","ast-breadcrumbs-content":"","ast-featured-img":"","footer-sml-layout":"","theme-transparent-header-meta":"default","adv-header-id-meta":"","stick-header-meta":"","header-above-stick-meta":"","header-main-stick-meta":"","header-below-stick-meta":""},"product_cat":[33],"product_tag":[],"class_list":["post-2462","product","type-product","status-publish","has-post-thumbnail","hentry","product_cat-baterias"],"_links":{"self":[{"href":"https:\/\/meechile.cl\/inicio\/wp-json\/wp\/v2\/product\/2462","targetHints":{"allow":["GET"]}}],"collection":[{"href":"https:\/\/meechile.cl\/inicio\/wp-json\/wp\/v2\/product"}],"about":[{"href":"https:\/\/meechile.cl\/inicio\/wp-json\/wp\/v2\/types\/product"}],"wp:featuredmedia":[{"embeddable":true,"href":"https:\/\/meechile.cl\/inicio\/wp-json\/wp\/v2\/media\/2463"}],"wp:attachment":[{"href":"https:\/\/meechile.cl\/inicio\/wp-json\/wp\/v2\/media?parent=2462"}],"wp:term":[{"taxonomy":"product_cat","embeddable":true,"href":"https:\/\/meechile.cl\/inicio\/wp-json\/wp\/v2\/product_cat?post=2462"},{"taxonomy":"product_tag","embeddable":true,"href":"https:\/\/meechile.cl\/inicio\/wp-json\/wp\/v2\/product_tag?post=2462"}],"curies":[{"name":"wp","href":"https:\/\/api.w.org\/{rel}","templated":true}]}}