{"id":2468,"date":"2022-05-11T11:25:14","date_gmt":"2022-05-11T15:25:14","guid":{"rendered":"https:\/\/meechile.cl\/inicio\/?post_type=product&#038;p=2468"},"modified":"2022-05-15T20:37:20","modified_gmt":"2022-05-16T00:37:20","slug":"ritar-serie-rt","status":"publish","type":"product","link":"https:\/\/meechile.cl\/inicio\/producto\/ritar-serie-rt\/","title":{"rendered":"RITAR SERIE RT"},"content":{"rendered":"\n<table id=\"tablepress-1\" class=\"tablepress tablepress-id-1\">\n<thead>\n<tr class=\"row-1\">\n\t<th class=\"column-1\">Modelo<\/th><th class=\"column-2\">Voltaje Nominal (V)<\/th><th class=\"column-3\">Capacidad<\/th><th class=\"column-4\">Largo<\/th><th class=\"column-5\">Ancho<\/th><th class=\"column-6\">Altura<\/th><th class=\"column-7\">Altura Total<\/th><th class=\"column-8\">Peso (Kg)<\/th>\n<\/tr>\n<\/thead>\n<tbody class=\"row-hover\">\n<tr class=\"row-2\">\n\t<td class=\"column-1\"><a href=\"https:\/\/meechile.cl\/inicio\/wp-content\/uploads\/2022\/05\/RT1250.pdf\" rel=\"noopener\" target=\"_blank\">RT1250<\/a><\/td><td class=\"column-2\">12<\/td><td class=\"column-3\">5<\/td><td class=\"column-4\">90<\/td><td class=\"column-5\">70<\/td><td class=\"column-6\">101<\/td><td class=\"column-7\">107<\/td><td class=\"column-8\">1.35<\/td>\n<\/tr>\n<tr class=\"row-3\">\n\t<td class=\"column-1\"><a href=\"https:\/\/meechile.cl\/inicio\/wp-content\/uploads\/2022\/05\/RT1270.pdf\" rel=\"noopener\" target=\"_blank\">RT1270<\/a><\/td><td class=\"column-2\">12<\/td><td class=\"column-3\">7<\/td><td class=\"column-4\">151<\/td><td class=\"column-5\">65<\/td><td class=\"column-6\">94<\/td><td class=\"column-7\">100<\/td><td class=\"column-8\">1.95<\/td>\n<\/tr>\n<tr class=\"row-4\">\n\t<td class=\"column-1\"><a href=\"https:\/\/meechile.cl\/inicio\/wp-content\/uploads\/2022\/05\/RT1290.pdf\" rel=\"noopener\" target=\"_blank\">RT1290<\/a><\/td><td class=\"column-2\">12<\/td><td class=\"column-3\">9<\/td><td class=\"column-4\">151<\/td><td class=\"column-5\">65<\/td><td class=\"column-6\">93.5<\/td><td class=\"column-7\">101<\/td><td class=\"column-8\">2.3<\/td>\n<\/tr>\n<tr class=\"row-5\">\n\t<td class=\"column-1\"><a href=\"https:\/\/meechile.cl\/inicio\/wp-content\/uploads\/2022\/05\/RT12120.pdf\" rel=\"noopener\" target=\"_blank\">RT12120<\/a><\/td><td class=\"column-2\">12<\/td><td class=\"column-3\">12<\/td><td class=\"column-4\">151<\/td><td class=\"column-5\">98<\/td><td class=\"column-6\">95<\/td><td class=\"column-7\">101<\/td><td class=\"column-8\">3.5<\/td>\n<\/tr>\n<tr class=\"row-6\">\n\t<td class=\"column-1\"><a href=\"https:\/\/meechile.cl\/inicio\/wp-content\/uploads\/2022\/05\/RT12180.pdf\" rel=\"noopener\" target=\"_blank\">RT12180<\/a><\/td><td class=\"column-2\">12<\/td><td class=\"column-3\">18<\/td><td class=\"column-4\">181<\/td><td class=\"column-5\">77<\/td><td class=\"column-6\">167<\/td><td class=\"column-7\">167<\/td><td class=\"column-8\">5<\/td>\n<\/tr>\n<tr class=\"row-7\">\n\t<td class=\"column-1\"><a href=\"https:\/\/meechile.cl\/inicio\/wp-content\/uploads\/2022\/05\/RT12260.pdf\" rel=\"noopener\" target=\"_blank\">RT12260<\/a><\/td><td class=\"column-2\">12<\/td><td class=\"column-3\">26<\/td><td class=\"column-4\">166<\/td><td class=\"column-5\">176<\/td><td class=\"column-6\">125<\/td><td class=\"column-7\">125<\/td><td class=\"column-8\">7.4<\/td>\n<\/tr>\n<\/tbody>\n<\/table>\n<!-- #tablepress-1 from cache -->\n","protected":false},"excerpt":{"rendered":"<p>Voltajes disponible: <strong><span style=\"color: #129496;\">6V\/12V<\/span><\/strong><\/p>\n<p>Capacidades: <strong><span style=\"color: #129496;\">1.3Ah~28Ah<\/span><\/strong><\/p>\n<p>Larga vida de dise\u00f1o<br \/>\nBaja tasa de autodescarga<br \/>\nBuen rendimiento de descarga de alta tasa<br \/>\nAmplio rango de temperatura de operaci\u00f3n<br \/>\nAplicaci\u00f3n: peque\u00f1os UPS, luz de emergencia, sistemas de seguridad, juguetes, m\u00e9dicos, etc.<\/p>\n","protected":false},"featured_media":2469,"template":"","meta":{"site-sidebar-layout":"default","site-content-layout":"default","ast-global-header-display":"","ast-main-header-display":"","ast-hfb-above-header-display":"","ast-hfb-below-header-display":"","ast-hfb-mobile-header-display":"","site-post-title":"","ast-breadcrumbs-content":"","ast-featured-img":"","footer-sml-layout":"","theme-transparent-header-meta":"default","adv-header-id-meta":"","stick-header-meta":"","header-above-stick-meta":"","header-main-stick-meta":"","header-below-stick-meta":""},"product_cat":[33],"product_tag":[],"class_list":["post-2468","product","type-product","status-publish","has-post-thumbnail","hentry","product_cat-baterias"],"_links":{"self":[{"href":"https:\/\/meechile.cl\/inicio\/wp-json\/wp\/v2\/product\/2468","targetHints":{"allow":["GET"]}}],"collection":[{"href":"https:\/\/meechile.cl\/inicio\/wp-json\/wp\/v2\/product"}],"about":[{"href":"https:\/\/meechile.cl\/inicio\/wp-json\/wp\/v2\/types\/product"}],"wp:featuredmedia":[{"embeddable":true,"href":"https:\/\/meechile.cl\/inicio\/wp-json\/wp\/v2\/media\/2469"}],"wp:attachment":[{"href":"https:\/\/meechile.cl\/inicio\/wp-json\/wp\/v2\/media?parent=2468"}],"wp:term":[{"taxonomy":"product_cat","embeddable":true,"href":"https:\/\/meechile.cl\/inicio\/wp-json\/wp\/v2\/product_cat?post=2468"},{"taxonomy":"product_tag","embeddable":true,"href":"https:\/\/meechile.cl\/inicio\/wp-json\/wp\/v2\/product_tag?post=2468"}],"curies":[{"name":"wp","href":"https:\/\/api.w.org\/{rel}","templated":true}]}}