{"id":2486,"date":"2022-05-11T14:56:33","date_gmt":"2022-05-11T18:56:33","guid":{"rendered":"https:\/\/meechile.cl\/inicio\/?post_type=product&#038;p=2486"},"modified":"2022-05-13T13:01:05","modified_gmt":"2022-05-13T17:01:05","slug":"isg-pme-vario","status":"publish","type":"product","link":"https:\/\/meechile.cl\/inicio\/producto\/isg-pme-vario\/","title":{"rendered":"ISG PME &#8211; VARIO"},"content":{"rendered":"","protected":false},"excerpt":{"rendered":"<p>Rectificador de tecnolog\u00eda Switching tipo autosoportado de tama\u00f1o reducido y bajo peso gracias al no uso de transformador, tecnolog\u00eda modular para configuraci\u00f3n N+1, con posibilidad de alimentaci\u00f3n monof\u00e1sica y trif\u00e1sica.<br \/>\nDispone de comunicaci\u00f3n remota tipo contacto seco y\/o Modbus. Opcionales de LVD y Dropper. Este rectificador en una carcasa independiente proporciona una tensi\u00f3n de carga de 24 V a 300 V.<br \/>\n<!-- wp:button {\"backgroundColor\":\"ast-global-color-0\"} --><\/p>\n<div class=\"wp-block-button\"><a class=\"wp-block-button__link has-ast-global-color-0-background-color has-background\" href=\"https:\/\/meechile.cl\/inicio\/wp-content\/uploads\/2022\/05\/fichas-isg-rectificador-vario.pdf\" target=\"_blank\" rel=\"noopener\">Descargar Ficha T\u00e9cnica<\/a><\/div>\n<p><!-- \/wp:button --><\/p>\n","protected":false},"featured_media":2487,"template":"","meta":{"site-sidebar-layout":"default","site-content-layout":"default","ast-global-header-display":"","ast-main-header-display":"","ast-hfb-above-header-display":"","ast-hfb-below-header-display":"","ast-hfb-mobile-header-display":"","site-post-title":"","ast-breadcrumbs-content":"","ast-featured-img":"","footer-sml-layout":"","theme-transparent-header-meta":"default","adv-header-id-meta":"","stick-header-meta":"","header-above-stick-meta":"","header-main-stick-meta":"","header-below-stick-meta":""},"product_cat":[38],"product_tag":[],"class_list":["post-2486","product","type-product","status-publish","has-post-thumbnail","hentry","product_cat-rectificadores"],"_links":{"self":[{"href":"https:\/\/meechile.cl\/inicio\/wp-json\/wp\/v2\/product\/2486","targetHints":{"allow":["GET"]}}],"collection":[{"href":"https:\/\/meechile.cl\/inicio\/wp-json\/wp\/v2\/product"}],"about":[{"href":"https:\/\/meechile.cl\/inicio\/wp-json\/wp\/v2\/types\/product"}],"wp:featuredmedia":[{"embeddable":true,"href":"https:\/\/meechile.cl\/inicio\/wp-json\/wp\/v2\/media\/2487"}],"wp:attachment":[{"href":"https:\/\/meechile.cl\/inicio\/wp-json\/wp\/v2\/media?parent=2486"}],"wp:term":[{"taxonomy":"product_cat","embeddable":true,"href":"https:\/\/meechile.cl\/inicio\/wp-json\/wp\/v2\/product_cat?post=2486"},{"taxonomy":"product_tag","embeddable":true,"href":"https:\/\/meechile.cl\/inicio\/wp-json\/wp\/v2\/product_tag?post=2486"}],"curies":[{"name":"wp","href":"https:\/\/api.w.org\/{rel}","templated":true}]}}