{"id":2488,"date":"2022-05-11T14:59:43","date_gmt":"2022-05-11T18:59:43","guid":{"rendered":"https:\/\/meechile.cl\/inicio\/?post_type=product&#038;p=2488"},"modified":"2022-05-13T12:53:46","modified_gmt":"2022-05-13T16:53:46","slug":"isg-pme-r1","status":"publish","type":"product","link":"https:\/\/meechile.cl\/inicio\/producto\/isg-pme-r1\/","title":{"rendered":"ISG PME &#8211; R1"},"content":{"rendered":"","protected":false},"excerpt":{"rendered":"<p><span>Con el rectificador de servicio ajustable monof\u00e1sico, el voltaje y la corriente se pueden ajustar continuamente seg\u00fan la aplicaci\u00f3n.\u00a0<\/span><span>Tiene un m\u00f3dulo de alimentaci\u00f3n que permite cargar todos los tipos de bater\u00edas habituales con una tensi\u00f3n de carga de hasta 300 V.<\/span><br \/>\n<!-- wp:button {\"backgroundColor\":\"ast-global-color-0\"} --><\/p>\n<div class=\"wp-block-button\"><a class=\"wp-block-button__link has-ast-global-color-0-background-color has-background\" href=\"https:\/\/meechile.cl\/inicio\/wp-content\/uploads\/2022\/05\/ficha-isg-rectificador-r1.pdf\" target=\"_blank\" rel=\"noopener\">Descargar Ficha T\u00e9cnica<\/a><\/div>\n<p><!-- \/wp:button --><\/p>\n","protected":false},"featured_media":2489,"template":"","meta":{"site-sidebar-layout":"default","site-content-layout":"default","ast-global-header-display":"","ast-main-header-display":"","ast-hfb-above-header-display":"","ast-hfb-below-header-display":"","ast-hfb-mobile-header-display":"","site-post-title":"","ast-breadcrumbs-content":"","ast-featured-img":"","footer-sml-layout":"","theme-transparent-header-meta":"default","adv-header-id-meta":"","stick-header-meta":"","header-above-stick-meta":"","header-main-stick-meta":"","header-below-stick-meta":""},"product_cat":[38],"product_tag":[],"class_list":["post-2488","product","type-product","status-publish","has-post-thumbnail","hentry","product_cat-rectificadores"],"_links":{"self":[{"href":"https:\/\/meechile.cl\/inicio\/wp-json\/wp\/v2\/product\/2488","targetHints":{"allow":["GET"]}}],"collection":[{"href":"https:\/\/meechile.cl\/inicio\/wp-json\/wp\/v2\/product"}],"about":[{"href":"https:\/\/meechile.cl\/inicio\/wp-json\/wp\/v2\/types\/product"}],"wp:featuredmedia":[{"embeddable":true,"href":"https:\/\/meechile.cl\/inicio\/wp-json\/wp\/v2\/media\/2489"}],"wp:attachment":[{"href":"https:\/\/meechile.cl\/inicio\/wp-json\/wp\/v2\/media?parent=2488"}],"wp:term":[{"taxonomy":"product_cat","embeddable":true,"href":"https:\/\/meechile.cl\/inicio\/wp-json\/wp\/v2\/product_cat?post=2488"},{"taxonomy":"product_tag","embeddable":true,"href":"https:\/\/meechile.cl\/inicio\/wp-json\/wp\/v2\/product_tag?post=2488"}],"curies":[{"name":"wp","href":"https:\/\/api.w.org\/{rel}","templated":true}]}}