{"id":2561,"date":"2022-05-17T09:38:35","date_gmt":"2022-05-17T13:38:35","guid":{"rendered":"https:\/\/meechile.cl\/inicio\/?post_type=product&#038;p=2561"},"modified":"2022-05-17T12:35:40","modified_gmt":"2022-05-17T16:35:40","slug":"aktif-banco-de-condensadores-serie-bfs","status":"publish","type":"product","link":"https:\/\/meechile.cl\/inicio\/producto\/aktif-banco-de-condensadores-serie-bfs\/","title":{"rendered":"AKTIF SERIE BFs"},"content":{"rendered":"<ul>\n<li>F\u00e1cil instalaci\u00f3n y mantenimiento gracias al dise\u00f1o modular<\/li>\n<li>Uso duradero y seguro gracias a la combinaci\u00f3n perfecta entre todos los equipos y la calidad de alto nivel<\/li>\n<li>Respuesta inmediata a cambios r\u00e1pidos de carga<\/li>\n<li>Conmutaci\u00f3n que no genera transitorios de tensi\u00f3n ni arm\u00f3nicos<\/li>\n<li>Instalaci\u00f3n de hasta 5 cassettes (500 kVA) gracias al eficiente sistema de refrigeraci\u00f3n<\/li>\n<li>El dise\u00f1o que proporciona una mayor vida \u00fatil en todos los equipos y sistemas gracias a sus reactores de filtro de arm\u00f3nicos.<\/li>\n<li>Dise\u00f1o seguro contra toques y descargas el\u00e9ctricas.<\/li>\n<\/ul>\n","protected":false},"excerpt":{"rendered":"<p>Voltaje : <span style=\"color: #129496;\"><strong>380 v &#8230; 960 V<\/strong><\/span><br \/>\nFrecuencia : <span style=\"color: #129496;\"><strong>50Hz\u00a0 \/ 60Hz<\/strong><\/span><br \/>\nFrecuencia de resonancia: <span style=\"color: #129496;\"><strong>134HZ &#8230; 215 Hz<\/strong><\/span><br \/>\nm\u00e1x. Corriente : <strong><span style=\"color: #129496;\">1,5 In<\/span><\/strong><br \/>\nConmutaci\u00f3n : <strong><span style=\"color: #129496;\">Tiristor<\/span><\/strong><br \/>\nTiempo de conmutaci\u00f3n: <strong><span style=\"color: #129496;\">&lt; 40 ms<\/span><\/strong><br \/>\nNormas: <strong><span style=\"color: #129496;\">EN 61439-1\/2, EN 60831-1\/2, EN 60076-6, EN 60529, EN 60255-1, EN 60947-4-1<\/span><\/strong><\/p>\n<p>Los bancos de condensadores de la serie BFs consisten en interruptores de tiristores, bastidores de compensaci\u00f3n de la serie C7s y rel\u00e9s de control del factor de potencia reactiva digital de alta tecnolog\u00eda.<\/p>\n<p>Los bancos de condensadores de la serie BFs se pueden dise\u00f1ar f\u00e1cilmente de acuerdo con la potencia deseada gracias a sus bastidores que tienen un dise\u00f1o modular.\u00a0Ese dise\u00f1o modular proporciona soluciones r\u00e1pidas y efectivas en el per\u00edodo de instalaci\u00f3n, mantenimiento y desarrollo del sistema.<\/p>\n<p>Las bater\u00edas de condensadores de la serie BFs encienden\/apagan los pasos de forma suave e instant\u00e1nea gracias a los rel\u00e9s digitales de control de potencia reactiva de alta tecnolog\u00eda.\u00a0El rel\u00e9 determina encender\/apagar los condensadores de acuerdo con los c\u00e1lculos de retroalimentaci\u00f3n seg\u00fan los valores provenientes de CT y VT.\u00a0En las bater\u00edas de condensadores de la serie BFs, las reactancias de filtro de arm\u00f3nicos se han conectado en serie antes que las unidades de condensadores, para proteger las unidades de condensadores contra flujos de corriente arm\u00f3nicos peligrosos y arm\u00f3nicos de tensi\u00f3n y para eliminar los posibles efectos de resonancia paralela del sistema de compensaci\u00f3n.<\/p>\n<p>Los bancos de capacitores controlados por tiristor de la serie BF est\u00e1n dise\u00f1ados para suministrar la potencia reactiva necesaria al permitir una conmutaci\u00f3n muy r\u00e1pida de acuerdo con la necesidad de cambios r\u00e1pidos de carga.\u00a0Los m\u00f3dulos de conmutaci\u00f3n de tiristores evitan las corrientes de irrupci\u00f3n en la operaci\u00f3n.<\/p>\n","protected":false},"featured_media":2562,"template":"","meta":{"site-sidebar-layout":"default","site-content-layout":"default","ast-global-header-display":"","ast-main-header-display":"","ast-hfb-above-header-display":"","ast-hfb-below-header-display":"","ast-hfb-mobile-header-display":"","site-post-title":"","ast-breadcrumbs-content":"","ast-featured-img":"","footer-sml-layout":"","theme-transparent-header-meta":"default","adv-header-id-meta":"","stick-header-meta":"","header-above-stick-meta":"","header-main-stick-meta":"","header-below-stick-meta":""},"product_cat":[40,39],"product_tag":[],"class_list":["post-2561","product","type-product","status-publish","has-post-thumbnail","hentry","product_cat-banco-de-condensadores","product_cat-calidad-de-energia"],"_links":{"self":[{"href":"https:\/\/meechile.cl\/inicio\/wp-json\/wp\/v2\/product\/2561","targetHints":{"allow":["GET"]}}],"collection":[{"href":"https:\/\/meechile.cl\/inicio\/wp-json\/wp\/v2\/product"}],"about":[{"href":"https:\/\/meechile.cl\/inicio\/wp-json\/wp\/v2\/types\/product"}],"wp:featuredmedia":[{"embeddable":true,"href":"https:\/\/meechile.cl\/inicio\/wp-json\/wp\/v2\/media\/2562"}],"wp:attachment":[{"href":"https:\/\/meechile.cl\/inicio\/wp-json\/wp\/v2\/media?parent=2561"}],"wp:term":[{"taxonomy":"product_cat","embeddable":true,"href":"https:\/\/meechile.cl\/inicio\/wp-json\/wp\/v2\/product_cat?post=2561"},{"taxonomy":"product_tag","embeddable":true,"href":"https:\/\/meechile.cl\/inicio\/wp-json\/wp\/v2\/product_tag?post=2561"}],"curies":[{"name":"wp","href":"https:\/\/api.w.org\/{rel}","templated":true}]}}