{"id":2570,"date":"2022-05-17T09:57:51","date_gmt":"2022-05-17T13:57:51","guid":{"rendered":"https:\/\/meechile.cl\/inicio\/?post_type=product&#038;p=2570"},"modified":"2022-05-17T12:36:08","modified_gmt":"2022-05-17T16:36:08","slug":"aktif-banco-de-condensadores-serie-bc","status":"publish","type":"product","link":"https:\/\/meechile.cl\/inicio\/producto\/aktif-banco-de-condensadores-serie-bc\/","title":{"rendered":"AKTIF SERIE BC"},"content":{"rendered":"<ul>\n<li>F\u00e1cil instalaci\u00f3n y mantenimiento gracias al dise\u00f1o modular<\/li>\n<li>Uso duradero y seguro gracias a la combinaci\u00f3n perfecta entre todos los equipos y la calidad de alto nivel<\/li>\n<li>Instalaci\u00f3n de hasta 5 cassettes (500 kVA) gracias al eficiente sistema de refrigeraci\u00f3n<\/li>\n<li>Dise\u00f1o seguro contra toques y descargas el\u00e9ctricas.<\/li>\n<\/ul>\n","protected":false},"excerpt":{"rendered":"<p>Voltaje : <strong><span style=\"color: #129496;\">380V &#8230; 960V<\/span><\/strong><br \/>\nFrecuencia : <strong><span style=\"color: #129496;\">50Hz \/ 60Hz<\/span><\/strong><br \/>\nm\u00e1x. Potencia para 1 Panel: <strong><span style=\"color: #129496;\">500 kVA<\/span><\/strong><br \/>\nHasta 5 bastidores en un panel: <strong><span style=\"color: #129496;\">5<\/span><\/strong><br \/>\nNormas: <strong><span style=\"color: #129496;\">EN 61439-1\/2, EN 60831-1\/2, EN 60076-6, EN 60529, EN 60255-1, EN 60947-4-1<\/span><\/strong><\/p>\n<p>Los bancos de capacitores de la serie BC consisten en bastidores de compensaci\u00f3n de la serie C5 y rel\u00e9s de control de potencia reactiva digital de alta tecnolog\u00eda.<br \/>\nLos bancos de condensadores de la serie BC se pueden dise\u00f1ar f\u00e1cilmente de acuerdo con la potencia deseada gracias a sus bastidores que tienen un dise\u00f1o modular.\u00a0Ese dise\u00f1o modular brinda soluciones r\u00e1pidas y efectivas en el per\u00edodo de instalaci\u00f3n, mantenimiento y desarrollo del sistema.<br \/>\nLas bater\u00edas de condensadores de la serie BC encienden\/apagan los pasos de forma suave e instant\u00e1nea gracias a los rel\u00e9s digitales de control de potencia reactiva de alta tecnolog\u00eda.\u00a0El rel\u00e9 determina encender\/apagar los condensadores de acuerdo con los c\u00e1lculos de retroalimentaci\u00f3n seg\u00fan los valores provenientes de CT y VT.<\/p>\n","protected":false},"featured_media":2571,"template":"","meta":{"site-sidebar-layout":"default","site-content-layout":"default","ast-global-header-display":"","ast-main-header-display":"","ast-hfb-above-header-display":"","ast-hfb-below-header-display":"","ast-hfb-mobile-header-display":"","site-post-title":"","ast-breadcrumbs-content":"","ast-featured-img":"","footer-sml-layout":"","theme-transparent-header-meta":"default","adv-header-id-meta":"","stick-header-meta":"","header-above-stick-meta":"","header-main-stick-meta":"","header-below-stick-meta":""},"product_cat":[40,39],"product_tag":[],"class_list":["post-2570","product","type-product","status-publish","has-post-thumbnail","hentry","product_cat-banco-de-condensadores","product_cat-calidad-de-energia"],"_links":{"self":[{"href":"https:\/\/meechile.cl\/inicio\/wp-json\/wp\/v2\/product\/2570","targetHints":{"allow":["GET"]}}],"collection":[{"href":"https:\/\/meechile.cl\/inicio\/wp-json\/wp\/v2\/product"}],"about":[{"href":"https:\/\/meechile.cl\/inicio\/wp-json\/wp\/v2\/types\/product"}],"wp:featuredmedia":[{"embeddable":true,"href":"https:\/\/meechile.cl\/inicio\/wp-json\/wp\/v2\/media\/2571"}],"wp:attachment":[{"href":"https:\/\/meechile.cl\/inicio\/wp-json\/wp\/v2\/media?parent=2570"}],"wp:term":[{"taxonomy":"product_cat","embeddable":true,"href":"https:\/\/meechile.cl\/inicio\/wp-json\/wp\/v2\/product_cat?post=2570"},{"taxonomy":"product_tag","embeddable":true,"href":"https:\/\/meechile.cl\/inicio\/wp-json\/wp\/v2\/product_tag?post=2570"}],"curies":[{"name":"wp","href":"https:\/\/api.w.org\/{rel}","templated":true}]}}