{"id":2588,"date":"2022-05-17T13:10:29","date_gmt":"2022-05-17T17:10:29","guid":{"rendered":"https:\/\/meechile.cl\/inicio\/?post_type=product&#038;p=2588"},"modified":"2022-05-17T14:18:00","modified_gmt":"2022-05-17T18:18:00","slug":"allsai-trifasico-sta-3f","status":"publish","type":"product","link":"https:\/\/meechile.cl\/inicio\/producto\/allsai-trifasico-sta-3f\/","title":{"rendered":"ALLSAI TRIF\u00c1SICO STA 3F"},"content":{"rendered":"<p>Estabilizadores de voltaje ALLSAI STA son dispositivos para el control protecci\u00f3n y gesti\u00f3n de voltaje, que est\u00e1n dise\u00f1ado a base de microprocesadores, poseen\u00a0 Tecnolog\u00eda de semiconductores de alta velocidad.Se ajustan a la tensi\u00f3n correcta.<\/p>\n<p>Su principal utilidad es requerida por los dispositivos industriales. Y en general para todas las instalaciones donde la tensi\u00f3n de la red disminuyen o aumentan excesivamente.<\/p>\n<p>Son dispositivos de gran valor en la productividad y operatividad de los sistemas. Proporciona alta eficiencia y un trabajo continuo sin interrupciones.<\/p>\n","protected":false},"excerpt":{"rendered":"<ul>\n<li>Capacidad: <strong><span style=\"color: #129496;\">10-400kVA<\/span><\/strong><br \/>\nEntrada:<\/li>\n<li>Tensi\u00f3n: <strong><span style=\"color: #129496;\">380VAC +\/- 15% o +\/- 20%<\/span><\/strong><\/li>\n<li>Frecuencia: <strong><span style=\"color: #129496;\">50Hz +\/- 5%<\/span><\/strong><br \/>\nSalida:<\/li>\n<li>Tensi\u00f3n: <span style=\"color: #129496;\"><strong>380VAC<\/strong><\/span><\/li>\n<li>Frecuencia:<strong><span style=\"color: #129496;\"> 50Hz +\/- 5%<\/span><\/strong><\/li>\n<li>Eficiencia:<strong><span style=\"color: #129496;\"> &gt;97%<\/span><\/strong><\/li>\n<\/ul>\n","protected":false},"featured_media":2589,"template":"","meta":{"site-sidebar-layout":"default","site-content-layout":"default","ast-global-header-display":"","ast-main-header-display":"","ast-hfb-above-header-display":"","ast-hfb-below-header-display":"","ast-hfb-mobile-header-display":"","site-post-title":"","ast-breadcrumbs-content":"","ast-featured-img":"","footer-sml-layout":"","theme-transparent-header-meta":"default","adv-header-id-meta":"","stick-header-meta":"","header-above-stick-meta":"","header-main-stick-meta":"","header-below-stick-meta":""},"product_cat":[39,43],"product_tag":[],"class_list":["post-2588","product","type-product","status-publish","has-post-thumbnail","hentry","product_cat-calidad-de-energia","product_cat-estabilizadores-de-voltaje"],"_links":{"self":[{"href":"https:\/\/meechile.cl\/inicio\/wp-json\/wp\/v2\/product\/2588","targetHints":{"allow":["GET"]}}],"collection":[{"href":"https:\/\/meechile.cl\/inicio\/wp-json\/wp\/v2\/product"}],"about":[{"href":"https:\/\/meechile.cl\/inicio\/wp-json\/wp\/v2\/types\/product"}],"wp:featuredmedia":[{"embeddable":true,"href":"https:\/\/meechile.cl\/inicio\/wp-json\/wp\/v2\/media\/2589"}],"wp:attachment":[{"href":"https:\/\/meechile.cl\/inicio\/wp-json\/wp\/v2\/media?parent=2588"}],"wp:term":[{"taxonomy":"product_cat","embeddable":true,"href":"https:\/\/meechile.cl\/inicio\/wp-json\/wp\/v2\/product_cat?post=2588"},{"taxonomy":"product_tag","embeddable":true,"href":"https:\/\/meechile.cl\/inicio\/wp-json\/wp\/v2\/product_tag?post=2588"}],"curies":[{"name":"wp","href":"https:\/\/api.w.org\/{rel}","templated":true}]}}