{"id":2627,"date":"2022-05-18T15:38:16","date_gmt":"2022-05-18T19:38:16","guid":{"rendered":"https:\/\/meechile.cl\/inicio\/?post_type=product&#038;p=2627"},"modified":"2022-05-18T15:38:16","modified_gmt":"2022-05-18T19:38:16","slug":"hiref-tvx","status":"publish","type":"product","link":"https:\/\/meechile.cl\/inicio\/producto\/hiref-tvx\/","title":{"rendered":"HIREF TVX"},"content":{"rendered":"<ul>\n<li>Nuevo refrigerante R1234ze<\/li>\n<li>Compresores de tornillo con inverter<\/li>\n<li>Silenciosidad y accesibilidad con HiRail<\/li>\n<li>Evaporador multitubular de calandria de un solo paso<\/li>\n<\/ul>\n","protected":false},"excerpt":{"rendered":"<p>Enfriadoras de l\u00edquido condensadas por aire con compresores de tornillo modulantes<br \/>\nRango: <strong><span style=\"color: #129496;\">384kW a 1410 kW<\/span><\/strong><\/p>\n<p>TVX es el nuevo est\u00e1ndar de enfriadoras condensadas por aire dise\u00f1adas para los procesos de eficiencia energ\u00e9tica y, al mismo tiempo, respetuosas del medio ambiente. El bajo impacto medioambiental se obtiene gracias al uso de los nuevos refrigerantes HFO de bajo GWP (Potencial de Calentamiento Global), mientras que las relaciones m\u00e1s altas de eficiencia\/dimensiones se logran gracias a la configuraci\u00f3n particular en V de las bater\u00edas de intercambio t\u00e9rmico y a sus dimensiones, la m\u00e1s alta entre las enfriadoras del mercado.<\/p>\n","protected":false},"featured_media":2628,"template":"","meta":{"site-sidebar-layout":"default","site-content-layout":"default","ast-global-header-display":"","ast-main-header-display":"","ast-hfb-above-header-display":"","ast-hfb-below-header-display":"","ast-hfb-mobile-header-display":"","site-post-title":"","ast-breadcrumbs-content":"","ast-featured-img":"","footer-sml-layout":"","theme-transparent-header-meta":"default","adv-header-id-meta":"","stick-header-meta":"","header-above-stick-meta":"","header-main-stick-meta":"","header-below-stick-meta":""},"product_cat":[47,46],"product_tag":[],"class_list":["post-2627","product","type-product","status-publish","has-post-thumbnail","hentry","product_cat-chillers","product_cat-clima-de-precision"],"_links":{"self":[{"href":"https:\/\/meechile.cl\/inicio\/wp-json\/wp\/v2\/product\/2627","targetHints":{"allow":["GET"]}}],"collection":[{"href":"https:\/\/meechile.cl\/inicio\/wp-json\/wp\/v2\/product"}],"about":[{"href":"https:\/\/meechile.cl\/inicio\/wp-json\/wp\/v2\/types\/product"}],"wp:featuredmedia":[{"embeddable":true,"href":"https:\/\/meechile.cl\/inicio\/wp-json\/wp\/v2\/media\/2628"}],"wp:attachment":[{"href":"https:\/\/meechile.cl\/inicio\/wp-json\/wp\/v2\/media?parent=2627"}],"wp:term":[{"taxonomy":"product_cat","embeddable":true,"href":"https:\/\/meechile.cl\/inicio\/wp-json\/wp\/v2\/product_cat?post=2627"},{"taxonomy":"product_tag","embeddable":true,"href":"https:\/\/meechile.cl\/inicio\/wp-json\/wp\/v2\/product_tag?post=2627"}],"curies":[{"name":"wp","href":"https:\/\/api.w.org\/{rel}","templated":true}]}}