{"id":2639,"date":"2022-05-18T16:25:43","date_gmt":"2022-05-18T20:25:43","guid":{"rendered":"https:\/\/meechile.cl\/inicio\/?post_type=product&#038;p=2639"},"modified":"2022-05-18T16:51:42","modified_gmt":"2022-05-18T20:51:42","slug":"hiref-tsx","status":"publish","type":"product","link":"https:\/\/meechile.cl\/inicio\/producto\/hiref-tsx\/","title":{"rendered":"HIREF TSX"},"content":{"rendered":"<ul>\n<li>M\u00e1xima eficiencia con cargas parciales<\/li>\n<li>Eficiencia y fiabilidad<\/li>\n<li>Refrigerante R410A<\/li>\n<li>Enfriadora Free-Cooling<\/li>\n<li>Bomba de calor reversible<\/li>\n<li>Disponible en clase A<\/li>\n<li>V\u00e1lvula de expansi\u00f3n controlada electr\u00f3nicamente<\/li>\n<li>Conexiones hidr\u00e1ulicas hacia el exterior con conexiones de tipo Victaulic<\/li>\n<li>Ventiladores con conmutaci\u00f3n electr\u00f3nica EC opcionales<\/li>\n<li>Control por microprocesador programable con software propietario<\/li>\n<\/ul>\n","protected":false},"excerpt":{"rendered":"<p>Enfriadoras de l\u00edquido condensadas por aire con compresores Scroll<br \/>\nRango: <strong><span style=\"color: #129496;\">50kW a 1310 kW<\/span><\/strong><\/p>\n<p>TSX es la gama de enfriadoras de l\u00edquido condensadas por aire de HiRef con compresores de tipo scroll. El dimensionamiento y la elecci\u00f3n de cada componente est\u00e1 focalizado en la moderaci\u00f3n del consumo energ\u00e9tico con una \u00f3ptica de ahorro de energ\u00eda no solo de la m\u00e1quina enfriadora en particular sino de todo el sistema de instalaci\u00f3n.<\/p>\n","protected":false},"featured_media":2640,"template":"","meta":{"site-sidebar-layout":"default","site-content-layout":"default","ast-global-header-display":"","ast-main-header-display":"","ast-hfb-above-header-display":"","ast-hfb-below-header-display":"","ast-hfb-mobile-header-display":"","site-post-title":"","ast-breadcrumbs-content":"","ast-featured-img":"","footer-sml-layout":"","theme-transparent-header-meta":"default","adv-header-id-meta":"","stick-header-meta":"","header-above-stick-meta":"","header-main-stick-meta":"","header-below-stick-meta":""},"product_cat":[47,46],"product_tag":[],"class_list":["post-2639","product","type-product","status-publish","has-post-thumbnail","hentry","product_cat-chillers","product_cat-clima-de-precision"],"_links":{"self":[{"href":"https:\/\/meechile.cl\/inicio\/wp-json\/wp\/v2\/product\/2639","targetHints":{"allow":["GET"]}}],"collection":[{"href":"https:\/\/meechile.cl\/inicio\/wp-json\/wp\/v2\/product"}],"about":[{"href":"https:\/\/meechile.cl\/inicio\/wp-json\/wp\/v2\/types\/product"}],"wp:featuredmedia":[{"embeddable":true,"href":"https:\/\/meechile.cl\/inicio\/wp-json\/wp\/v2\/media\/2640"}],"wp:attachment":[{"href":"https:\/\/meechile.cl\/inicio\/wp-json\/wp\/v2\/media?parent=2639"}],"wp:term":[{"taxonomy":"product_cat","embeddable":true,"href":"https:\/\/meechile.cl\/inicio\/wp-json\/wp\/v2\/product_cat?post=2639"},{"taxonomy":"product_tag","embeddable":true,"href":"https:\/\/meechile.cl\/inicio\/wp-json\/wp\/v2\/product_tag?post=2639"}],"curies":[{"name":"wp","href":"https:\/\/api.w.org\/{rel}","templated":true}]}}