{"id":2663,"date":"2022-05-19T18:12:25","date_gmt":"2022-05-19T22:12:25","guid":{"rendered":"https:\/\/meechile.cl\/inicio\/?post_type=product&#038;p=2663"},"modified":"2022-05-20T08:55:13","modified_gmt":"2022-05-20T12:55:13","slug":"hiref-mrac","status":"publish","type":"product","link":"https:\/\/meechile.cl\/inicio\/producto\/hiref-mrac\/","title":{"rendered":"HIREF MRAC"},"content":{"rendered":"<ul>\n<li>Compatible con cualquier rack con montantes de 19&#8243;.<\/li>\n<li>Ocupa un espacio de 7 unidades rack.<\/li>\n<li>Ventilaci\u00f3n electr\u00f3nica EC.<\/li>\n<\/ul>\n","protected":false},"excerpt":{"rendered":"<p>Mini rack cooler para la instalaci\u00f3n en el interior del rack<br \/>\nRango: <strong><span style=\"color: #129496;\">3.6kW a 7.9kW<\/span><\/strong><\/p>\n<p>Las unidades de la familia MRAC son la soluci\u00f3n ideal para el acondicionamiento de los armarios rack con montantes de 19&#8243;, en los que se necesite un control preciso de la temperatura interior y un funcionamiento de 24 horas por d\u00eda. En la versi\u00f3n dividida con unidad motocondensadora exterior con refrigerante R410A, el rango se extiende hasta los 8 kW de potencia frigor\u00edfica con la versi\u00f3n con compresor modulante BLDC.<\/p>\n<p>Uno de los puntos fuertes de la gama MRAC son las medidas compactas de las unidades: MRAC ocupa un espacio de tan solo 7 unidades rack. La ventilaci\u00f3n es solo electr\u00f3nica EC lo que garantiza una regulaci\u00f3n eficiente del flujo de aire.<\/p>\n","protected":false},"featured_media":2664,"template":"","meta":{"site-sidebar-layout":"default","site-content-layout":"default","ast-global-header-display":"","ast-main-header-display":"","ast-hfb-above-header-display":"","ast-hfb-below-header-display":"","ast-hfb-mobile-header-display":"","site-post-title":"","ast-breadcrumbs-content":"","ast-featured-img":"","footer-sml-layout":"","theme-transparent-header-meta":"default","adv-header-id-meta":"","stick-header-meta":"","header-above-stick-meta":"","header-main-stick-meta":"","header-below-stick-meta":""},"product_cat":[46,49],"product_tag":[],"class_list":["post-2663","product","type-product","status-publish","has-post-thumbnail","hentry","product_cat-clima-de-precision","product_cat-equipos-in-row"],"_links":{"self":[{"href":"https:\/\/meechile.cl\/inicio\/wp-json\/wp\/v2\/product\/2663","targetHints":{"allow":["GET"]}}],"collection":[{"href":"https:\/\/meechile.cl\/inicio\/wp-json\/wp\/v2\/product"}],"about":[{"href":"https:\/\/meechile.cl\/inicio\/wp-json\/wp\/v2\/types\/product"}],"wp:featuredmedia":[{"embeddable":true,"href":"https:\/\/meechile.cl\/inicio\/wp-json\/wp\/v2\/media\/2664"}],"wp:attachment":[{"href":"https:\/\/meechile.cl\/inicio\/wp-json\/wp\/v2\/media?parent=2663"}],"wp:term":[{"taxonomy":"product_cat","embeddable":true,"href":"https:\/\/meechile.cl\/inicio\/wp-json\/wp\/v2\/product_cat?post=2663"},{"taxonomy":"product_tag","embeddable":true,"href":"https:\/\/meechile.cl\/inicio\/wp-json\/wp\/v2\/product_tag?post=2663"}],"curies":[{"name":"wp","href":"https:\/\/api.w.org\/{rel}","templated":true}]}}