{"id":2677,"date":"2022-05-20T08:51:35","date_gmt":"2022-05-20T12:51:35","guid":{"rendered":"https:\/\/meechile.cl\/inicio\/?post_type=product&#038;p=2677"},"modified":"2022-05-20T08:51:36","modified_gmt":"2022-05-20T12:51:36","slug":"hiref-hrcm","status":"publish","type":"product","link":"https:\/\/meechile.cl\/inicio\/producto\/hiref-hrcm\/","title":{"rendered":"HIREF HRCM"},"content":{"rendered":"<ul>\n<li>Versi\u00f3n monobloc<\/li>\n<li>Ventilaci\u00f3n electr\u00f3nica EC<\/li>\n<li>Bater\u00eda evaporadora con tratamiento hidr\u00f3filo<\/li>\n<li>Bypass de gas caliente para limitar el funcionamiento alternado del compresor con cargas m\u00ednimas<\/li>\n<li>Facilidad de instalaci\u00f3n<\/li>\n<\/ul>\n","protected":false},"excerpt":{"rendered":"<p>Rack cooler monobloc de expansi\u00f3n directa<br \/>\nRango: <strong><span style=\"color: #129496;\">6kW a 10kW<\/span><\/strong><\/p>\n<p>HRCM es la nueva generaci\u00f3n de rack coolers monobloc para aplicaciones de alta densidad de carga t\u00e9rmica. La versi\u00f3n con la secci\u00f3n condensadora incorporada en la m\u00e1quina permite una notable reducci\u00f3n de los costes de instalaci\u00f3n, debido a que no hay l\u00edneas frigor\u00edficas. Las bridas para la canalizaci\u00f3n de los tramos para el aire de condensaci\u00f3n est\u00e1n situadas en la parte superior de la unidad, facilitando a\u00fan m\u00e1s los trabajos de instalaci\u00f3n. La versi\u00f3n monobloc, que incluye la secci\u00f3n evaporadora y condensadora, garantiza una instalaci\u00f3n r\u00e1pida evitando la realizaci\u00f3n de tuber\u00edas frigor\u00edficas de conexi\u00f3n en la obra.<\/p>\n<p>De esta manera los gastos de instalaci\u00f3n son menores. Las aletas de aluminio de la bater\u00eda evaporadora est\u00e1n tratadas con un recubrimiento hidr\u00f3filo para facilitar el drenaje de los condensados en el bandeja de acero inoxidable y para evitar que el l\u00edquido llegue al rack a trav\u00e9s del flujo de aire. Los ventiladores utilizan motores brushless EC, tanto en el lado de evaporaci\u00f3n como en el de condensaci\u00f3n, lo que permite que HRCM se adapte a m\u00faltiples configuraciones de canalizaci\u00f3n y se beneficie de una alta eficiencia con cargas parciales. Un sistema de bypass del gas caliente permite adaptar la potencia frigor\u00edfica a las situaciones de baja carga t\u00e9rmica. Las bridas para la canalizaci\u00f3n de los tramos para el aire de condensaci\u00f3n est\u00e1n situadas en la parte superior de la unidad, facilitando a\u00fan m\u00e1s los trabajos de instalaci\u00f3n.<\/p>\n","protected":false},"featured_media":2678,"template":"","meta":{"site-sidebar-layout":"default","site-content-layout":"default","ast-global-header-display":"","ast-main-header-display":"","ast-hfb-above-header-display":"","ast-hfb-below-header-display":"","ast-hfb-mobile-header-display":"","site-post-title":"","ast-breadcrumbs-content":"","ast-featured-img":"","footer-sml-layout":"","theme-transparent-header-meta":"default","adv-header-id-meta":"","stick-header-meta":"","header-above-stick-meta":"","header-main-stick-meta":"","header-below-stick-meta":""},"product_cat":[46,49],"product_tag":[],"class_list":["post-2677","product","type-product","status-publish","has-post-thumbnail","hentry","product_cat-clima-de-precision","product_cat-equipos-in-row"],"_links":{"self":[{"href":"https:\/\/meechile.cl\/inicio\/wp-json\/wp\/v2\/product\/2677","targetHints":{"allow":["GET"]}}],"collection":[{"href":"https:\/\/meechile.cl\/inicio\/wp-json\/wp\/v2\/product"}],"about":[{"href":"https:\/\/meechile.cl\/inicio\/wp-json\/wp\/v2\/types\/product"}],"wp:featuredmedia":[{"embeddable":true,"href":"https:\/\/meechile.cl\/inicio\/wp-json\/wp\/v2\/media\/2678"}],"wp:attachment":[{"href":"https:\/\/meechile.cl\/inicio\/wp-json\/wp\/v2\/media?parent=2677"}],"wp:term":[{"taxonomy":"product_cat","embeddable":true,"href":"https:\/\/meechile.cl\/inicio\/wp-json\/wp\/v2\/product_cat?post=2677"},{"taxonomy":"product_tag","embeddable":true,"href":"https:\/\/meechile.cl\/inicio\/wp-json\/wp\/v2\/product_tag?post=2677"}],"curies":[{"name":"wp","href":"https:\/\/api.w.org\/{rel}","templated":true}]}}