{"id":2682,"date":"2022-05-20T08:54:46","date_gmt":"2022-05-20T12:54:46","guid":{"rendered":"https:\/\/meechile.cl\/inicio\/?post_type=product&#038;p=2682"},"modified":"2022-05-20T08:54:46","modified_gmt":"2022-05-20T12:54:46","slug":"hiref-hrcb","status":"publish","type":"product","link":"https:\/\/meechile.cl\/inicio\/producto\/hiref-hrcb\/","title":{"rendered":"HIREF HRCB"},"content":{"rendered":"","protected":false},"excerpt":{"rendered":"<p>Soluciones llave en mano rack+rack cooler para entornos de alta densidad<br \/>\nRango: <strong><span style=\"color: #129496;\">6kW a 14kW<\/span><\/strong><\/p>\n<p>Algunas posibles configuraciones de combinaci\u00f3n de armarios rack y acondicionadores de expansi\u00f3n directa, en l\u00f3gica N+1: HRCB #001 &#8211; 5,9 kW 2 x HRCM 0061 rack cooler 1 x rack de servidor 51U HRCB #001 &#8211; 9,8 kW 2 x HRCM 0101 rack cooler 2 x rack de servidor 48U HRCB #001 &#8211; 14 kW 2 x NRCD 0100 o 2 x NRCV 0140 rack cooler 3 x rack de servidor 48U<\/p>\n","protected":false},"featured_media":2683,"template":"","meta":{"site-sidebar-layout":"default","site-content-layout":"default","ast-global-header-display":"","ast-main-header-display":"","ast-hfb-above-header-display":"","ast-hfb-below-header-display":"","ast-hfb-mobile-header-display":"","site-post-title":"","ast-breadcrumbs-content":"","ast-featured-img":"","footer-sml-layout":"","theme-transparent-header-meta":"default","adv-header-id-meta":"","stick-header-meta":"","header-above-stick-meta":"","header-main-stick-meta":"","header-below-stick-meta":""},"product_cat":[46,49],"product_tag":[],"class_list":["post-2682","product","type-product","status-publish","has-post-thumbnail","hentry","product_cat-clima-de-precision","product_cat-equipos-in-row"],"_links":{"self":[{"href":"https:\/\/meechile.cl\/inicio\/wp-json\/wp\/v2\/product\/2682","targetHints":{"allow":["GET"]}}],"collection":[{"href":"https:\/\/meechile.cl\/inicio\/wp-json\/wp\/v2\/product"}],"about":[{"href":"https:\/\/meechile.cl\/inicio\/wp-json\/wp\/v2\/types\/product"}],"wp:featuredmedia":[{"embeddable":true,"href":"https:\/\/meechile.cl\/inicio\/wp-json\/wp\/v2\/media\/2683"}],"wp:attachment":[{"href":"https:\/\/meechile.cl\/inicio\/wp-json\/wp\/v2\/media?parent=2682"}],"wp:term":[{"taxonomy":"product_cat","embeddable":true,"href":"https:\/\/meechile.cl\/inicio\/wp-json\/wp\/v2\/product_cat?post=2682"},{"taxonomy":"product_tag","embeddable":true,"href":"https:\/\/meechile.cl\/inicio\/wp-json\/wp\/v2\/product_tag?post=2682"}],"curies":[{"name":"wp","href":"https:\/\/api.w.org\/{rel}","templated":true}]}}