{"id":2694,"date":"2022-05-20T14:51:45","date_gmt":"2022-05-20T18:51:45","guid":{"rendered":"https:\/\/meechile.cl\/inicio\/?post_type=product&#038;p=2694"},"modified":"2022-05-20T14:51:45","modified_gmt":"2022-05-20T18:51:45","slug":"airsys-freecool-intelligent","status":"publish","type":"product","link":"https:\/\/meechile.cl\/inicio\/producto\/airsys-freecool-intelligent\/","title":{"rendered":"AIRSYS FREECOOL INTELLIGENT"},"content":{"rendered":"<ul>\n<li>Alta eficiencia energ\u00e9tica<\/li>\n<li>Buen dise\u00f1o de estructura y mantenimiento sencillo Estructura fuerte a prueba de corrosi\u00f3n<\/li>\n<li>Dimensiones m\u00e1s peque\u00f1as<\/li>\n<li>Instalaci\u00f3n flexible<\/li>\n<li>Control al otro aire acondicionado<\/li>\n<li>Protecci\u00f3n completamente autom\u00e1tica<\/li>\n<li>Recomendado para: Base de telecomunicaciones. Dispositivos electr\u00f3nicos de tecnolog\u00eda avanzada que cambian de habitaci\u00f3n<\/li>\n<li>Estaci\u00f3n de distribuci\u00f3n de energ\u00eda<\/li>\n<li>Centro de control de procesos industriales.<\/li>\n<\/ul>\n","protected":false},"excerpt":{"rendered":"<p>Capacidad: <strong><span style=\"color: #129496;\">1000 a 3450 m3\/h<\/span><\/strong><\/p>\n<p>FREECOOL intelligent se aplica en shelters y peque\u00f1os data center. La unidad introduce aire fresco al aire libre con temperatura m\u00e1s baja para enfriar la sala de equipos. Al usar la unidad FREECOOL, las horas de funcionamiento de otras unidades de aire acondicionado pueden reducirse en gran medida, logrando un ahorro de energ\u00eda de alrededor del 30 ~ 90%.<\/p>\n","protected":false},"featured_media":2695,"template":"","meta":{"site-sidebar-layout":"default","site-content-layout":"default","ast-global-header-display":"","ast-main-header-display":"","ast-hfb-above-header-display":"","ast-hfb-below-header-display":"","ast-hfb-mobile-header-display":"","site-post-title":"","ast-breadcrumbs-content":"","ast-featured-img":"","footer-sml-layout":"","theme-transparent-header-meta":"default","adv-header-id-meta":"","stick-header-meta":"","header-above-stick-meta":"","header-main-stick-meta":"","header-below-stick-meta":""},"product_cat":[51,46],"product_tag":[],"class_list":["post-2694","product","type-product","status-publish","has-post-thumbnail","hentry","product_cat-aire-acondicionado-de-precision","product_cat-clima-de-precision"],"_links":{"self":[{"href":"https:\/\/meechile.cl\/inicio\/wp-json\/wp\/v2\/product\/2694","targetHints":{"allow":["GET"]}}],"collection":[{"href":"https:\/\/meechile.cl\/inicio\/wp-json\/wp\/v2\/product"}],"about":[{"href":"https:\/\/meechile.cl\/inicio\/wp-json\/wp\/v2\/types\/product"}],"wp:featuredmedia":[{"embeddable":true,"href":"https:\/\/meechile.cl\/inicio\/wp-json\/wp\/v2\/media\/2695"}],"wp:attachment":[{"href":"https:\/\/meechile.cl\/inicio\/wp-json\/wp\/v2\/media?parent=2694"}],"wp:term":[{"taxonomy":"product_cat","embeddable":true,"href":"https:\/\/meechile.cl\/inicio\/wp-json\/wp\/v2\/product_cat?post=2694"},{"taxonomy":"product_tag","embeddable":true,"href":"https:\/\/meechile.cl\/inicio\/wp-json\/wp\/v2\/product_tag?post=2694"}],"curies":[{"name":"wp","href":"https:\/\/api.w.org\/{rel}","templated":true}]}}